{"id":4880,"date":"2020-03-31T07:41:11","date_gmt":"2020-03-31T07:41:11","guid":{"rendered":"http:\/\/www.hotelcrystalcaorle.it\/spiaggia-caorle\/"},"modified":"2021-05-03T09:53:01","modified_gmt":"2021-05-03T09:53:01","slug":"spiaggia-caorle","status":"publish","type":"page","link":"https:\/\/www.hotelcrystalcaorle.it\/fr\/spiaggia-caorle\/","title":{"rendered":"Plage"},"content":{"rendered":"\t\t<div data-elementor-type=\"wp-page\" data-elementor-id=\"4880\" class=\"elementor elementor-4880\">\n\t\t\t\t\t\t\t\t\t<section class=\"elementor-section elementor-top-section elementor-element elementor-element-55bc024 elementor-section-full_width qodef-elementor-content-grid elementor-section-height-default elementor-section-height-default\" data-id=\"55bc024\" data-element_type=\"section\">\n\t\t\t\t\t\t<div class=\"elementor-container elementor-column-gap-no\">\n\t\t\t\t\t<div class=\"elementor-column elementor-col-100 elementor-top-column elementor-element elementor-element-5abf0b6\" data-id=\"5abf0b6\" data-element_type=\"column\">\n\t\t\t<div class=\"elementor-widget-wrap elementor-element-populated\">\n\t\t\t\t\t\t\t\t<div class=\"elementor-element elementor-element-1522463 elementor-widget elementor-widget-alloggio_core_section_title\" data-id=\"1522463\" data-element_type=\"widget\" data-widget_type=\"alloggio_core_section_title.default\">\n\t\t\t\t<div class=\"elementor-widget-container\">\n\t\t\t<div class=\"qodef-shortcode qodef-m  qodef-section-title qodef-alignment--center\">\n\t\t<h2 class=\"qodef-m-title\" >\n\t\t\t\t\tNotre plage\t\t\t<\/h2>\n\t\t<span class=\"qodef-m-text\" style=\"margin-top: 25px\">La plage priv\u00e9e est \u00e9quip\u00e9e de lits bain de soleil, parasol et cabines. Service de ma\u00eetre-nageur. Vous y trouverez \u00e9galement des terrains de beach-volley et de p\u00e9tanque, des \u00e9quipements de fitness, des jeux pour enfants et des concerts en soir\u00e9es avec danse et musique live.\n<\/span>\n<\/div>\t\t<\/div>\n\t\t\t\t<\/div>\n\t\t\t\t\t<\/div>\n\t\t<\/div>\n\t\t\t\t\t\t\t<\/div>\n\t\t<\/section>\n\t\t\t\t<section class=\"elementor-section elementor-top-section elementor-element elementor-element-ec2ba33 elementor-section-full_width qodef-elementor-content-grid elementor-section-height-default elementor-section-height-default\" data-id=\"ec2ba33\" data-element_type=\"section\">\n\t\t\t\t\t\t<div class=\"elementor-container elementor-column-gap-no\">\n\t\t\t\t\t<div class=\"elementor-column elementor-col-100 elementor-top-column elementor-element elementor-element-d525d41\" data-id=\"d525d41\" data-element_type=\"column\">\n\t\t\t<div class=\"elementor-widget-wrap elementor-element-populated\">\n\t\t\t\t\t\t\t\t<div class=\"elementor-element elementor-element-4741753 elementor-widget elementor-widget-image\" data-id=\"4741753\" data-element_type=\"widget\" data-widget_type=\"image.default\">\n\t\t\t\t<div class=\"elementor-widget-container\">\n\t\t\t\t\t\t\t\t\t\t\t\t\t\t\t<img loading=\"lazy\" decoding=\"async\" width=\"700\" height=\"424\" src=\"https:\/\/www.hotelcrystalcaorle.it\/wp-content\/uploads\/2021\/03\/ponente-excelsior.jpg\" class=\"attachment-large size-large wp-image-4376\" alt=\"\" srcset=\"https:\/\/www.hotelcrystalcaorle.it\/wp-content\/uploads\/2021\/03\/ponente-excelsior.jpg 700w, https:\/\/www.hotelcrystalcaorle.it\/wp-content\/uploads\/2021\/03\/ponente-excelsior-300x182.jpg 300w, https:\/\/www.hotelcrystalcaorle.it\/wp-content\/uploads\/2021\/03\/ponente-excelsior-600x363.jpg 600w\" sizes=\"auto, (max-width: 700px) 100vw, 700px\" \/>\t\t\t\t\t\t\t\t\t\t\t\t\t\t\t<\/div>\n\t\t\t\t<\/div>\n\t\t\t\t\t<\/div>\n\t\t<\/div>\n\t\t\t\t\t\t\t<\/div>\n\t\t<\/section>\n\t\t\t\t<section class=\"elementor-section elementor-top-section elementor-element elementor-element-ccf1882 elementor-section-full_width qodef-elementor-content-grid elementor-section-height-default elementor-section-height-default\" data-id=\"ccf1882\" data-element_type=\"section\">\n\t\t\t\t\t\t<div class=\"elementor-container elementor-column-gap-no\">\n\t\t\t\t\t<div class=\"elementor-column elementor-col-100 elementor-top-column elementor-element elementor-element-96ef65b\" data-id=\"96ef65b\" data-element_type=\"column\">\n\t\t\t<div class=\"elementor-widget-wrap elementor-element-populated\">\n\t\t\t\t\t\t\t\t<div class=\"elementor-element elementor-element-bf87dd6 elementor-widget elementor-widget-alloggio_core_section_title\" data-id=\"bf87dd6\" data-element_type=\"widget\" data-widget_type=\"alloggio_core_section_title.default\">\n\t\t\t\t<div class=\"elementor-widget-container\">\n\t\t\t<div class=\"qodef-shortcode qodef-m  qodef-section-title qodef-alignment--center\">\n\t\t<h2 class=\"qodef-m-title\" >\n\t\t\t\t\tServices sur la plage\t\t\t<\/h2>\n\t\t<span class=\"qodef-m-text\" >La plage de Caorle offre \u00e9galement un service gratuit de baby-sitting pour que vous puissiez profiter pleinement de vos vacances \u00e0 la plage. L\u2019animation gratuite, le fitness, les s\u00e9ances d\u2019\u00e9veil musculaire aux premi\u00e8res lueurs du jour compl\u00e8tent l\u2019offre r\u00e9serv\u00e9e aux h\u00f4tes de Caorle.\n<\/span>\n<\/div>\t\t<\/div>\n\t\t\t\t<\/div>\n\t\t\t\t\t<\/div>\n\t\t<\/div>\n\t\t\t\t\t\t\t<\/div>\n\t\t<\/section>\n\t\t\t\t<section class=\"elementor-section elementor-top-section elementor-element elementor-element-fa34e6a elementor-section-boxed elementor-section-height-default elementor-section-height-default qodef-elementor-content-no\" data-id=\"fa34e6a\" data-element_type=\"section\">\n\t\t\t\t\t\t<div class=\"elementor-container elementor-column-gap-default\">\n\t\t\t\t\t<div class=\"elementor-column elementor-col-100 elementor-top-column elementor-element elementor-element-7dc4d261\" data-id=\"7dc4d261\" data-element_type=\"column\">\n\t\t\t<div class=\"elementor-widget-wrap elementor-element-populated\">\n\t\t\t\t\t\t\t\t<section class=\"elementor-section elementor-inner-section elementor-element elementor-element-382b6c69 elementor-section-boxed elementor-section-height-default elementor-section-height-default qodef-elementor-content-no\" data-id=\"382b6c69\" data-element_type=\"section\">\n\t\t\t\t\t\t<div class=\"elementor-container elementor-column-gap-narrow\">\n\t\t\t\t\t<div class=\"elementor-column elementor-col-33 elementor-inner-column elementor-element elementor-element-7f87bc5d\" data-id=\"7f87bc5d\" data-element_type=\"column\" data-settings=\"{&quot;background_background&quot;:&quot;slideshow&quot;,&quot;background_slideshow_gallery&quot;:[],&quot;background_slideshow_loop&quot;:&quot;yes&quot;,&quot;background_slideshow_slide_duration&quot;:5000,&quot;background_slideshow_slide_transition&quot;:&quot;fade&quot;,&quot;background_slideshow_transition_duration&quot;:500}\">\n\t\t\t<div class=\"elementor-widget-wrap elementor-element-populated\">\n\t\t\t\t\t\t\t\t<div class=\"elementor-element elementor-element-34146949 elementor-widget elementor-widget-spacer\" data-id=\"34146949\" data-element_type=\"widget\" data-widget_type=\"spacer.default\">\n\t\t\t\t<div class=\"elementor-widget-container\">\n\t\t\t\t\t<div class=\"elementor-spacer\">\n\t\t\t<div class=\"elementor-spacer-inner\"><\/div>\n\t\t<\/div>\n\t\t\t\t<\/div>\n\t\t\t\t<\/div>\n\t\t\t\t<div class=\"elementor-element elementor-element-39f8ee63 elementor-widget elementor-widget-text-editor\" data-id=\"39f8ee63\" data-element_type=\"widget\" data-widget_type=\"text-editor.default\">\n\t\t\t\t<div class=\"elementor-widget-container\">\n\t\t\t\t\t\t\t<h3>Animation<\/h3><p>Animation gratuite directement sur la plage. Aquagym et \u00e9veil musculaire pour tous.<\/p>\t\t\t\t\t\t<\/div>\n\t\t\t\t<\/div>\n\t\t\t\t\t<\/div>\n\t\t<\/div>\n\t\t\t\t<div class=\"elementor-column elementor-col-33 elementor-inner-column elementor-element elementor-element-1fe6b803\" data-id=\"1fe6b803\" data-element_type=\"column\" data-settings=\"{&quot;background_background&quot;:&quot;slideshow&quot;,&quot;background_slideshow_gallery&quot;:[],&quot;background_slideshow_loop&quot;:&quot;yes&quot;,&quot;background_slideshow_slide_duration&quot;:5000,&quot;background_slideshow_slide_transition&quot;:&quot;fade&quot;,&quot;background_slideshow_transition_duration&quot;:500}\">\n\t\t\t<div class=\"elementor-widget-wrap elementor-element-populated\">\n\t\t\t\t\t\t\t\t<div class=\"elementor-element elementor-element-2d87afea elementor-widget elementor-widget-spacer\" data-id=\"2d87afea\" data-element_type=\"widget\" data-widget_type=\"spacer.default\">\n\t\t\t\t<div class=\"elementor-widget-container\">\n\t\t\t\t\t<div class=\"elementor-spacer\">\n\t\t\t<div class=\"elementor-spacer-inner\"><\/div>\n\t\t<\/div>\n\t\t\t\t<\/div>\n\t\t\t\t<\/div>\n\t\t\t\t<div class=\"elementor-element elementor-element-3ad27253 elementor-widget elementor-widget-text-editor\" data-id=\"3ad27253\" data-element_type=\"widget\" data-widget_type=\"text-editor.default\">\n\t\t\t\t<div class=\"elementor-widget-container\">\n\t\t\t\t\t\t\t<h3>Baby-sitting<\/h3><p>Espaces d\u00e9di\u00e9s \u00e0 vos enfants, suivis par du personnel expert pour vous laisser profiter de la plage en toute s\u00e9r\u00e9nit\u00e9.<\/p>\t\t\t\t\t\t<\/div>\n\t\t\t\t<\/div>\n\t\t\t\t\t<\/div>\n\t\t<\/div>\n\t\t\t\t<div class=\"elementor-column elementor-col-33 elementor-inner-column elementor-element elementor-element-158b75a3\" data-id=\"158b75a3\" data-element_type=\"column\" data-settings=\"{&quot;background_background&quot;:&quot;slideshow&quot;,&quot;background_slideshow_gallery&quot;:[],&quot;background_slideshow_loop&quot;:&quot;yes&quot;,&quot;background_slideshow_slide_duration&quot;:5000,&quot;background_slideshow_slide_transition&quot;:&quot;fade&quot;,&quot;background_slideshow_transition_duration&quot;:500}\">\n\t\t\t<div class=\"elementor-widget-wrap elementor-element-populated\">\n\t\t\t\t\t\t\t\t<div class=\"elementor-element elementor-element-73e6c983 elementor-widget elementor-widget-spacer\" data-id=\"73e6c983\" data-element_type=\"widget\" data-widget_type=\"spacer.default\">\n\t\t\t\t<div class=\"elementor-widget-container\">\n\t\t\t\t\t<div class=\"elementor-spacer\">\n\t\t\t<div class=\"elementor-spacer-inner\"><\/div>\n\t\t<\/div>\n\t\t\t\t<\/div>\n\t\t\t\t<\/div>\n\t\t\t\t<div class=\"elementor-element elementor-element-4dab1689 elementor-widget elementor-widget-text-editor\" data-id=\"4dab1689\" data-element_type=\"widget\" data-widget_type=\"text-editor.default\">\n\t\t\t\t<div class=\"elementor-widget-container\">\n\t\t\t\t\t\t\t<h3>Services<\/h3><p>La plage de Ponente dispose de parasols et de lits bain de soleil gratuits pour nos clients. L\u2019offre est compl\u00e9t\u00e9e par des terrains de beach-volley et de p\u00e9tanque, un service de surveillance des baignades et de secourisme.<\/p>\t\t\t\t\t\t<\/div>\n\t\t\t\t<\/div>\n\t\t\t\t\t<\/div>\n\t\t<\/div>\n\t\t\t\t\t\t\t<\/div>\n\t\t<\/section>\n\t\t\t\t\t<\/div>\n\t\t<\/div>\n\t\t\t\t\t\t\t<\/div>\n\t\t<\/section>\n\t\t\t\t\t\t\t<\/div>\n\t\t","protected":false},"excerpt":{"rendered":"<p>Notre plage La plage priv\u00e9e est \u00e9quip\u00e9e de lits bain de soleil, parasol et cabines. Service de ma\u00eetre-nageur. Vous y trouverez \u00e9galement des terrains de beach-volley et de p\u00e9tanque, des \u00e9quipements de fitness, des jeux pour enfants et des concerts en soir\u00e9es avec danse et musique live. Services sur la plage La plage de Caorle [&hellip;]<\/p>\n","protected":false},"author":1,"featured_media":0,"parent":0,"menu_order":0,"comment_status":"closed","ping_status":"closed","template":"page-full-width.php","meta":{"footnotes":""},"class_list":["post-4880","page","type-page","status-publish","hentry"],"yoast_head":"<!-- This site is optimized with the Yoast SEO plugin v21.4 - https:\/\/yoast.com\/wordpress\/plugins\/seo\/ -->\n<title>Plage - Hotel Crystal<\/title>\n<meta name=\"robots\" content=\"index, follow, max-snippet:-1, max-image-preview:large, max-video-preview:-1\" \/>\n<link rel=\"canonical\" href=\"https:\/\/www.hotelcrystalcaorle.it\/fr\/spiaggia-caorle\/\" \/>\n<meta property=\"og:locale\" content=\"fr_FR\" \/>\n<meta property=\"og:type\" content=\"article\" \/>\n<meta property=\"og:title\" content=\"Plage - Hotel Crystal\" \/>\n<meta property=\"og:description\" content=\"Notre plage La plage priv\u00e9e est \u00e9quip\u00e9e de lits bain de soleil, parasol et cabines. Service de ma\u00eetre-nageur. Vous y trouverez \u00e9galement des terrains de beach-volley et de p\u00e9tanque, des \u00e9quipements de fitness, des jeux pour enfants et des concerts en soir\u00e9es avec danse et musique live. Services sur la plage La plage de Caorle [&hellip;]\" \/>\n<meta property=\"og:url\" content=\"https:\/\/www.hotelcrystalcaorle.it\/fr\/spiaggia-caorle\/\" \/>\n<meta property=\"og:site_name\" content=\"Hotel Crystal\" \/>\n<meta property=\"article:modified_time\" content=\"2021-05-03T09:53:01+00:00\" \/>\n<meta property=\"og:image\" content=\"http:\/\/www.hotelcrystalcaorle.it\/wp-content\/uploads\/2021\/03\/ponente-excelsior.jpg\" \/>\n<meta name=\"twitter:card\" content=\"summary_large_image\" \/>\n<meta name=\"twitter:label1\" content=\"Dur\u00e9e de lecture estim\u00e9e\" \/>\n\t<meta name=\"twitter:data1\" content=\"1 minute\" \/>\n<script type=\"application\/ld+json\" class=\"yoast-schema-graph\">{\"@context\":\"https:\/\/schema.org\",\"@graph\":[{\"@type\":\"WebPage\",\"@id\":\"https:\/\/www.hotelcrystalcaorle.it\/fr\/spiaggia-caorle\/\",\"url\":\"https:\/\/www.hotelcrystalcaorle.it\/fr\/spiaggia-caorle\/\",\"name\":\"Plage - Hotel Crystal\",\"isPartOf\":{\"@id\":\"https:\/\/www.hotelcrystalcaorle.it\/#website\"},\"datePublished\":\"2020-03-31T07:41:11+00:00\",\"dateModified\":\"2021-05-03T09:53:01+00:00\",\"breadcrumb\":{\"@id\":\"https:\/\/www.hotelcrystalcaorle.it\/fr\/spiaggia-caorle\/#breadcrumb\"},\"inLanguage\":\"fr-FR\",\"potentialAction\":[{\"@type\":\"ReadAction\",\"target\":[\"https:\/\/www.hotelcrystalcaorle.it\/fr\/spiaggia-caorle\/\"]}]},{\"@type\":\"BreadcrumbList\",\"@id\":\"https:\/\/www.hotelcrystalcaorle.it\/fr\/spiaggia-caorle\/#breadcrumb\",\"itemListElement\":[{\"@type\":\"ListItem\",\"position\":1,\"name\":\"Home\",\"item\":\"https:\/\/www.hotelcrystalcaorle.it\/fr\/\"},{\"@type\":\"ListItem\",\"position\":2,\"name\":\"Plage\"}]},{\"@type\":\"WebSite\",\"@id\":\"https:\/\/www.hotelcrystalcaorle.it\/#website\",\"url\":\"https:\/\/www.hotelcrystalcaorle.it\/\",\"name\":\"Hotel Crystal\",\"description\":\"Hotel 3 stelle a Caorle\",\"potentialAction\":[{\"@type\":\"SearchAction\",\"target\":{\"@type\":\"EntryPoint\",\"urlTemplate\":\"https:\/\/www.hotelcrystalcaorle.it\/?s={search_term_string}\"},\"query-input\":\"required name=search_term_string\"}],\"inLanguage\":\"fr-FR\"}]}<\/script>\n<!-- \/ Yoast SEO plugin. -->","yoast_head_json":{"title":"Plage - Hotel Crystal","robots":{"index":"index","follow":"follow","max-snippet":"max-snippet:-1","max-image-preview":"max-image-preview:large","max-video-preview":"max-video-preview:-1"},"canonical":"https:\/\/www.hotelcrystalcaorle.it\/fr\/spiaggia-caorle\/","og_locale":"fr_FR","og_type":"article","og_title":"Plage - Hotel Crystal","og_description":"Notre plage La plage priv\u00e9e est \u00e9quip\u00e9e de lits bain de soleil, parasol et cabines. Service de ma\u00eetre-nageur. Vous y trouverez \u00e9galement des terrains de beach-volley et de p\u00e9tanque, des \u00e9quipements de fitness, des jeux pour enfants et des concerts en soir\u00e9es avec danse et musique live. Services sur la plage La plage de Caorle [&hellip;]","og_url":"https:\/\/www.hotelcrystalcaorle.it\/fr\/spiaggia-caorle\/","og_site_name":"Hotel Crystal","article_modified_time":"2021-05-03T09:53:01+00:00","og_image":[{"url":"http:\/\/www.hotelcrystalcaorle.it\/wp-content\/uploads\/2021\/03\/ponente-excelsior.jpg"}],"twitter_card":"summary_large_image","twitter_misc":{"Dur\u00e9e de lecture estim\u00e9e":"1 minute"},"schema":{"@context":"https:\/\/schema.org","@graph":[{"@type":"WebPage","@id":"https:\/\/www.hotelcrystalcaorle.it\/fr\/spiaggia-caorle\/","url":"https:\/\/www.hotelcrystalcaorle.it\/fr\/spiaggia-caorle\/","name":"Plage - Hotel Crystal","isPartOf":{"@id":"https:\/\/www.hotelcrystalcaorle.it\/#website"},"datePublished":"2020-03-31T07:41:11+00:00","dateModified":"2021-05-03T09:53:01+00:00","breadcrumb":{"@id":"https:\/\/www.hotelcrystalcaorle.it\/fr\/spiaggia-caorle\/#breadcrumb"},"inLanguage":"fr-FR","potentialAction":[{"@type":"ReadAction","target":["https:\/\/www.hotelcrystalcaorle.it\/fr\/spiaggia-caorle\/"]}]},{"@type":"BreadcrumbList","@id":"https:\/\/www.hotelcrystalcaorle.it\/fr\/spiaggia-caorle\/#breadcrumb","itemListElement":[{"@type":"ListItem","position":1,"name":"Home","item":"https:\/\/www.hotelcrystalcaorle.it\/fr\/"},{"@type":"ListItem","position":2,"name":"Plage"}]},{"@type":"WebSite","@id":"https:\/\/www.hotelcrystalcaorle.it\/#website","url":"https:\/\/www.hotelcrystalcaorle.it\/","name":"Hotel Crystal","description":"Hotel 3 stelle a Caorle","potentialAction":[{"@type":"SearchAction","target":{"@type":"EntryPoint","urlTemplate":"https:\/\/www.hotelcrystalcaorle.it\/?s={search_term_string}"},"query-input":"required name=search_term_string"}],"inLanguage":"fr-FR"}]}},"_links":{"self":[{"href":"https:\/\/www.hotelcrystalcaorle.it\/fr\/wp-json\/wp\/v2\/pages\/4880","targetHints":{"allow":["GET"]}}],"collection":[{"href":"https:\/\/www.hotelcrystalcaorle.it\/fr\/wp-json\/wp\/v2\/pages"}],"about":[{"href":"https:\/\/www.hotelcrystalcaorle.it\/fr\/wp-json\/wp\/v2\/types\/page"}],"author":[{"embeddable":true,"href":"https:\/\/www.hotelcrystalcaorle.it\/fr\/wp-json\/wp\/v2\/users\/1"}],"replies":[{"embeddable":true,"href":"https:\/\/www.hotelcrystalcaorle.it\/fr\/wp-json\/wp\/v2\/comments?post=4880"}],"version-history":[{"count":4,"href":"https:\/\/www.hotelcrystalcaorle.it\/fr\/wp-json\/wp\/v2\/pages\/4880\/revisions"}],"predecessor-version":[{"id":4885,"href":"https:\/\/www.hotelcrystalcaorle.it\/fr\/wp-json\/wp\/v2\/pages\/4880\/revisions\/4885"}],"wp:attachment":[{"href":"https:\/\/www.hotelcrystalcaorle.it\/fr\/wp-json\/wp\/v2\/media?parent=4880"}],"curies":[{"name":"wp","href":"https:\/\/api.w.org\/{rel}","templated":true}]}}