{"id":4867,"date":"2021-03-03T10:18:32","date_gmt":"2021-03-03T10:18:32","guid":{"rendered":"http:\/\/www.hotelcrystalcaorle.it\/prezzi\/"},"modified":"2022-01-24T18:32:29","modified_gmt":"2022-01-24T18:32:29","slug":"prezzi","status":"publish","type":"page","link":"https:\/\/www.hotelcrystalcaorle.it\/fr\/prezzi\/","title":{"rendered":"Prix"},"content":{"rendered":"\t\t<div data-elementor-type=\"wp-page\" data-elementor-id=\"4867\" class=\"elementor elementor-4867\">\n\t\t\t\t\t\t\t\t\t<section class=\"elementor-section elementor-top-section elementor-element elementor-element-55bc024 elementor-section-full_width qodef-elementor-content-grid elementor-section-height-default elementor-section-height-default\" data-id=\"55bc024\" data-element_type=\"section\">\n\t\t\t\t\t\t<div class=\"elementor-container elementor-column-gap-no\">\n\t\t\t\t\t<div class=\"elementor-column elementor-col-100 elementor-top-column elementor-element elementor-element-5abf0b6\" data-id=\"5abf0b6\" data-element_type=\"column\">\n\t\t\t<div class=\"elementor-widget-wrap elementor-element-populated\">\n\t\t\t\t\t\t\t\t<div class=\"elementor-element elementor-element-1522463 elementor-widget elementor-widget-alloggio_core_section_title\" data-id=\"1522463\" data-element_type=\"widget\" data-widget_type=\"alloggio_core_section_title.default\">\n\t\t\t\t<div class=\"elementor-widget-container\">\n\t\t\t<div class=\"qodef-shortcode qodef-m  qodef-section-title qodef-alignment--center\">\n\t\t<h2 class=\"qodef-m-title\" >\n\t\t\t\t\tPrix\t\t\t<\/h2>\n\t\t<span class=\"qodef-m-text\" style=\"margin-top: 25px\">Si vous r\u00e9servez sans interm\u00e9diaires, vous b\u00e9n\u00e9ficierez d\u2019offres exclusives et du meilleur prix garanti.\n<\/span>\n<\/div>\t\t<\/div>\n\t\t\t\t<\/div>\n\t\t\t\t\t<\/div>\n\t\t<\/div>\n\t\t\t\t\t\t\t<\/div>\n\t\t<\/section>\n\t\t\t\t<section class=\"elementor-section elementor-top-section elementor-element elementor-element-2270f15 elementor-section-boxed elementor-section-height-default elementor-section-height-default qodef-elementor-content-no\" data-id=\"2270f15\" data-element_type=\"section\">\n\t\t\t\t\t\t<div class=\"elementor-container elementor-column-gap-default\">\n\t\t\t\t\t<div class=\"elementor-column elementor-col-33 elementor-top-column elementor-element elementor-element-b7677cf\" data-id=\"b7677cf\" data-element_type=\"column\">\n\t\t\t<div class=\"elementor-widget-wrap elementor-element-populated\">\n\t\t\t\t\t\t\t\t<div class=\"elementor-element elementor-element-861b6d5 elementor-widget elementor-widget-alloggio_core_pricing_table\" data-id=\"861b6d5\" data-element_type=\"widget\" data-widget_type=\"alloggio_core_pricing_table.default\">\n\t\t\t\t<div class=\"elementor-widget-container\">\n\t\t\t<div class=\"qodef-shortcode qodef-m  qodef-pricing-table qodef-layout--standard qodef-status--regular\" >\n\t<div class=\"qodef-m-inner\">\n\t\t\t<div class=\"qodef-m-title\">\n\t\t<p >Chambre Economy<\/p>\n\t<\/div>\n\t\t\t<div class=\"qodef-m-price\">\n\t\t<div class=\"qodef-m-price-wrapper\" >\n\t\t\t<span class=\"qodef-m-price-value\">45,00<\/span>\n\t\t\t\t\t\t\t<span class=\"qodef-m-price-currency\" >\u20ac<\/span>\n\t\t\t\t\t<\/div>\n\t<\/div>\n\t\t\t<div class=\"qodef-m-content\"><p>Prix \u200b\u200bpar personne<br \/>de 45,00 \u20ac \u00e0 60,00 \u20ac<\/p><p>Les chambres Economy ont une taille plus petite que les autres types, sans compromettre le confort des vacances. Il n'y a que 2 lits (simples ou doubles), TV LCD SAT, r\u00e9frig\u00e9rateur, balcon, coffre-fort, t\u00e9l\u00e9phone direct, connexion Internet WI-FI<\/p><\/div>\n\t\t\t<div class=\"qodef-m-button clear\">\n\t\t<a class=\"qodef-shortcode qodef-m  qodef-button qodef-layout--outlined  qodef-html--link\" href=\"\" target=\"_self\"  >\t<span class=\"qodef-m-text\">+15\u20ac demi-pension<\/span>\t<span class=\"qodef-m-background-holder\" ><\/span><\/a>\t<\/div>\n\t<\/div>\n<\/div>\t\t<\/div>\n\t\t\t\t<\/div>\n\t\t\t\t\t<\/div>\n\t\t<\/div>\n\t\t\t\t<div class=\"elementor-column elementor-col-33 elementor-top-column elementor-element elementor-element-7bd5f27\" data-id=\"7bd5f27\" data-element_type=\"column\">\n\t\t\t<div class=\"elementor-widget-wrap elementor-element-populated\">\n\t\t\t\t\t\t\t\t<div class=\"elementor-element elementor-element-56cb2a9 elementor-widget elementor-widget-alloggio_core_pricing_table\" data-id=\"56cb2a9\" data-element_type=\"widget\" data-widget_type=\"alloggio_core_pricing_table.default\">\n\t\t\t\t<div class=\"elementor-widget-container\">\n\t\t\t<div class=\"qodef-shortcode qodef-m  qodef-pricing-table qodef-layout--standard qodef-status--regular\" >\n\t<div class=\"qodef-m-inner\">\n\t\t\t<div class=\"qodef-m-title\">\n\t\t<p >Chambre Comfort<\/p>\n\t<\/div>\n\t\t\t<div class=\"qodef-m-price\">\n\t\t<div class=\"qodef-m-price-wrapper\" >\n\t\t\t<span class=\"qodef-m-price-value\">50,00<\/span>\n\t\t\t\t\t\t\t<span class=\"qodef-m-price-currency\" >\u20ac<\/span>\n\t\t\t\t\t<\/div>\n\t<\/div>\n\t\t\t<div class=\"qodef-m-content\"><p>Prix \u200b\u200bpar personne<br \/>de 50,00 \u20ac \u00e0 65,00 \u20ac<\/p><p>Les chambres confort peuvent \u00eatre \u00e0 2, 3 ou 4 lits. TV LED SAT, r\u00e9frig\u00e9rateur, balcon, coffre-fort, t\u00e9l\u00e9phone direct, connexion Internet WI-FI<\/p><\/div>\n\t\t\t<div class=\"qodef-m-button clear\">\n\t\t<a class=\"qodef-shortcode qodef-m  qodef-button qodef-layout--outlined  qodef-html--link\" href=\"\" target=\"_self\"  >\t<span class=\"qodef-m-text\">+15\u20ac demi-pension<\/span>\t<span class=\"qodef-m-background-holder\" ><\/span><\/a>\t<\/div>\n\t<\/div>\n<\/div>\t\t<\/div>\n\t\t\t\t<\/div>\n\t\t\t\t\t<\/div>\n\t\t<\/div>\n\t\t\t\t<div class=\"elementor-column elementor-col-33 elementor-top-column elementor-element elementor-element-cfe0773\" data-id=\"cfe0773\" data-element_type=\"column\">\n\t\t\t<div class=\"elementor-widget-wrap elementor-element-populated\">\n\t\t\t\t\t\t\t\t<div class=\"elementor-element elementor-element-71b2ff4 elementor-widget elementor-widget-alloggio_core_pricing_table\" data-id=\"71b2ff4\" data-element_type=\"widget\" data-widget_type=\"alloggio_core_pricing_table.default\">\n\t\t\t\t<div class=\"elementor-widget-container\">\n\t\t\t<div class=\"qodef-shortcode qodef-m  qodef-pricing-table qodef-layout--standard qodef-status--regular\" >\n\t<div class=\"qodef-m-inner\">\n\t\t\t<div class=\"qodef-m-title\">\n\t\t<p >Chambre Deluxe<\/p>\n\t<\/div>\n\t\t\t<div class=\"qodef-m-price\">\n\t\t<div class=\"qodef-m-price-wrapper\" >\n\t\t\t<span class=\"qodef-m-price-value\">55,00<\/span>\n\t\t\t\t\t\t\t<span class=\"qodef-m-price-currency\" >\u20ac<\/span>\n\t\t\t\t\t<\/div>\n\t<\/div>\n\t\t\t<div class=\"qodef-m-content\"><p>Prix \u200b\u200bpar personne<br \/>de 55,00 \u20ac \u00e0 70,00 \u20ac<\/p><p>Les chambres de luxe peuvent \u00eatre avec 2 ou 3 lits. \u00c9quip\u00e9 d'un mobilier moderne, TV LED SAT, r\u00e9frig\u00e9rateur, balcon, coffre-fort, t\u00e9l\u00e9phone direct, connexion Internet WI-FI.<\/p><\/div>\n\t\t\t<div class=\"qodef-m-button clear\">\n\t\t<a class=\"qodef-shortcode qodef-m  qodef-button qodef-layout--outlined  qodef-html--link\" href=\"\" target=\"_self\"  >\t<span class=\"qodef-m-text\">+15\u20ac demi-pension<\/span>\t<span class=\"qodef-m-background-holder\" ><\/span><\/a>\t<\/div>\n\t<\/div>\n<\/div>\t\t<\/div>\n\t\t\t\t<\/div>\n\t\t\t\t\t<\/div>\n\t\t<\/div>\n\t\t\t\t\t\t\t<\/div>\n\t\t<\/section>\n\t\t\t\t<section class=\"elementor-section elementor-top-section elementor-element elementor-element-498cf12 elementor-section-boxed elementor-section-height-default elementor-section-height-default qodef-elementor-content-no\" data-id=\"498cf12\" data-element_type=\"section\">\n\t\t\t\t\t\t<div class=\"elementor-container elementor-column-gap-default\">\n\t\t\t\t\t<div class=\"elementor-column elementor-col-100 elementor-top-column elementor-element elementor-element-fca0fab\" data-id=\"fca0fab\" data-element_type=\"column\">\n\t\t\t<div class=\"elementor-widget-wrap elementor-element-populated\">\n\t\t\t\t\t\t\t\t<section class=\"elementor-section elementor-inner-section elementor-element elementor-element-3ad9be5 elementor-section-boxed elementor-section-height-default elementor-section-height-default qodef-elementor-content-no\" data-id=\"3ad9be5\" data-element_type=\"section\" data-settings=\"{&quot;background_background&quot;:&quot;classic&quot;}\">\n\t\t\t\t\t\t<div class=\"elementor-container elementor-column-gap-default\">\n\t\t\t\t\t<div class=\"elementor-column elementor-col-50 elementor-inner-column elementor-element elementor-element-0431eb3\" data-id=\"0431eb3\" data-element_type=\"column\">\n\t\t\t<div class=\"elementor-widget-wrap elementor-element-populated\">\n\t\t\t\t\t\t\t\t<div class=\"elementor-element elementor-element-01589c7 elementor-widget elementor-widget-text-editor\" data-id=\"01589c7\" data-element_type=\"widget\" data-widget_type=\"text-editor.default\">\n\t\t\t\t<div class=\"elementor-widget-container\">\n\t\t\t\t\t\t\t<h3>Grand buffet de petit-d\u00e9jeuner<\/h3><p>Le vaste buffet de petit-d\u00e9jeuner de l&rsquo;h\u00f4tel Crystal est l&rsquo;un de nos points forts. Chaque matin, de 7h40 \u00e0 10h30, nos h\u00f4tes peuvent choisir parmi un riche assortiment de produits sucr\u00e9s et sal\u00e9s. Sur demande, nous pr\u00e9parons des plats sans gluten ou pour tout besoin particulier.<\/p>\t\t\t\t\t\t<\/div>\n\t\t\t\t<\/div>\n\t\t\t\t\t<\/div>\n\t\t<\/div>\n\t\t\t\t<div class=\"elementor-column elementor-col-50 elementor-inner-column elementor-element elementor-element-4cea469\" data-id=\"4cea469\" data-element_type=\"column\">\n\t\t\t<div class=\"elementor-widget-wrap elementor-element-populated\">\n\t\t\t\t\t\t\t\t<div class=\"elementor-element elementor-element-7587187 elementor-widget elementor-widget-image\" data-id=\"7587187\" data-element_type=\"widget\" data-widget_type=\"image.default\">\n\t\t\t\t<div class=\"elementor-widget-container\">\n\t\t\t\t\t\t\t\t\t\t\t\t\t\t\t<img loading=\"lazy\" decoding=\"async\" width=\"390\" height=\"390\" src=\"https:\/\/www.hotelcrystalcaorle.it\/wp-content\/uploads\/2021\/05\/senza-glutine-per-celiaci-3.png\" class=\"attachment-large size-large wp-image-4668\" alt=\"\" srcset=\"https:\/\/www.hotelcrystalcaorle.it\/wp-content\/uploads\/2021\/05\/senza-glutine-per-celiaci-3.png 390w, https:\/\/www.hotelcrystalcaorle.it\/wp-content\/uploads\/2021\/05\/senza-glutine-per-celiaci-3-300x300.png 300w, https:\/\/www.hotelcrystalcaorle.it\/wp-content\/uploads\/2021\/05\/senza-glutine-per-celiaci-3-150x150.png 150w, https:\/\/www.hotelcrystalcaorle.it\/wp-content\/uploads\/2021\/05\/senza-glutine-per-celiaci-3-100x100.png 100w\" sizes=\"auto, (max-width: 390px) 100vw, 390px\" \/>\t\t\t\t\t\t\t\t\t\t\t\t\t\t\t<\/div>\n\t\t\t\t<\/div>\n\t\t\t\t\t<\/div>\n\t\t<\/div>\n\t\t\t\t\t\t\t<\/div>\n\t\t<\/section>\n\t\t\t\t<section class=\"elementor-section elementor-inner-section elementor-element elementor-element-c54f025 elementor-section-boxed elementor-section-height-default elementor-section-height-default qodef-elementor-content-no\" data-id=\"c54f025\" data-element_type=\"section\" data-settings=\"{&quot;background_background&quot;:&quot;classic&quot;}\">\n\t\t\t\t\t\t<div class=\"elementor-container elementor-column-gap-default\">\n\t\t\t\t\t<div class=\"elementor-column elementor-col-50 elementor-inner-column elementor-element elementor-element-7cc1276\" data-id=\"7cc1276\" data-element_type=\"column\">\n\t\t\t<div class=\"elementor-widget-wrap elementor-element-populated\">\n\t\t\t\t\t\t\t\t<div class=\"elementor-element elementor-element-bf6fd33 elementor-widget elementor-widget-text-editor\" data-id=\"bf6fd33\" data-element_type=\"widget\" data-widget_type=\"text-editor.default\">\n\t\t\t\t<div class=\"elementor-widget-container\">\n\t\t\t\t\t\t\t<h3>Service de restauration \u00e0 quelques pas de l&rsquo;H\u00f4tel<\/h3><p>\u00c0 partir de 2022, les d\u00e9jeuners et d\u00eeners inclus dans les services de demi-pension et de pension compl\u00e8te seront servis dans un restaurant situ\u00e9 \u00e0 quelques pas de l&rsquo;h\u00f4tel. Le restaurant proposera un choix de 5 entr\u00e9es, 5 plats de r\u00e9sistance avec divers accompagnements et un dessert au choix. Boissons suppl\u00e9mentaires.<\/p>\t\t\t\t\t\t<\/div>\n\t\t\t\t<\/div>\n\t\t\t\t\t<\/div>\n\t\t<\/div>\n\t\t\t\t<div class=\"elementor-column elementor-col-50 elementor-inner-column elementor-element elementor-element-1ee10ad\" data-id=\"1ee10ad\" data-element_type=\"column\">\n\t\t\t<div class=\"elementor-widget-wrap elementor-element-populated\">\n\t\t\t\t\t\t\t\t<div class=\"elementor-element elementor-element-5da9f51 elementor-widget elementor-widget-image\" data-id=\"5da9f51\" data-element_type=\"widget\" data-widget_type=\"image.default\">\n\t\t\t\t<div class=\"elementor-widget-container\">\n\t\t\t\t\t\t\t\t\t\t\t\t\t\t\t<img loading=\"lazy\" decoding=\"async\" width=\"512\" height=\"512\" src=\"https:\/\/www.hotelcrystalcaorle.it\/wp-content\/uploads\/2022\/01\/icon-restaurant-10.png\" class=\"attachment-large size-large wp-image-5411\" alt=\"icon restaurant\" srcset=\"https:\/\/www.hotelcrystalcaorle.it\/wp-content\/uploads\/2022\/01\/icon-restaurant-10.png 512w, https:\/\/www.hotelcrystalcaorle.it\/wp-content\/uploads\/2022\/01\/icon-restaurant-10-300x300.png 300w, https:\/\/www.hotelcrystalcaorle.it\/wp-content\/uploads\/2022\/01\/icon-restaurant-10-150x150.png 150w, https:\/\/www.hotelcrystalcaorle.it\/wp-content\/uploads\/2022\/01\/icon-restaurant-10-100x100.png 100w\" sizes=\"auto, (max-width: 512px) 100vw, 512px\" \/>\t\t\t\t\t\t\t\t\t\t\t\t\t\t\t<\/div>\n\t\t\t\t<\/div>\n\t\t\t\t\t<\/div>\n\t\t<\/div>\n\t\t\t\t\t\t\t<\/div>\n\t\t<\/section>\n\t\t\t\t<div class=\"elementor-element elementor-element-c2ecd29 elementor-widget elementor-widget-text-editor\" data-id=\"c2ecd29\" data-element_type=\"widget\" data-widget_type=\"text-editor.default\">\n\t\t\t\t<div class=\"elementor-widget-container\">\n\t\t\t\t\t\t\t<div style=\"text-align: center;\">Les remises et les promotions ne sont pas cumulables \u2013 Les prix susmentionn\u00e9s incluent la TVA et le service d\u2019h\u00f4tel, boissons non comprises.\u00a0L\u2019arriv\u00e9e retard\u00e9e ou un d\u00e9part anticip\u00e9 comportent la facturation du total des jours r\u00e9serv\u00e9s. <br \/>La chambre doit \u00eatre lib\u00e9r\u00e9e au plus tard \u00e0 10h00 le jour du d\u00e9part.<\/div><div style=\"text-align: center;\">\u00a0<\/div><div style=\"text-align: center;\"><strong>Les prix n\u2019incluent pas la taxe de s\u00e9jour.<\/strong><\/div>\t\t\t\t\t\t<\/div>\n\t\t\t\t<\/div>\n\t\t\t\t<div class=\"elementor-element elementor-element-abaa5e7 elementor-widget elementor-widget-text-editor\" data-id=\"abaa5e7\" data-element_type=\"widget\" data-widget_type=\"text-editor.default\">\n\t\t\t\t<div class=\"elementor-widget-container\">\n\t\t\t\t\t\t\t<div style=\"text-align: center;\"><p>For any deposits by bank transfer use the following account:<\/p><p><strong>IBAN<\/strong>: IT 58 J 02008 36024 000100919053<br \/><strong>BIC\/SWIFT<\/strong>: UNICRITM1UN4<br \/><strong>HEADED TO<\/strong>: Sandonato SNC<\/p><\/div>\t\t\t\t\t\t<\/div>\n\t\t\t\t<\/div>\n\t\t\t\t\t<\/div>\n\t\t<\/div>\n\t\t\t\t\t\t\t<\/div>\n\t\t<\/section>\n\t\t\t\t\t\t\t<\/div>\n\t\t","protected":false},"excerpt":{"rendered":"<p>Prix Si vous r\u00e9servez sans interm\u00e9diaires, vous b\u00e9n\u00e9ficierez d\u2019offres exclusives et du meilleur prix garanti. Chambre Economy 45,00 \u20ac Prix \u200b\u200bpar personnede 45,00 \u20ac \u00e0 60,00 \u20ac Les chambres Economy ont une taille plus petite que les autres types, sans compromettre le confort des vacances. Il n&rsquo;y a que 2 lits (simples ou doubles), TV [&hellip;]<\/p>\n","protected":false},"author":1,"featured_media":0,"parent":0,"menu_order":0,"comment_status":"closed","ping_status":"closed","template":"","meta":{"footnotes":""},"class_list":["post-4867","page","type-page","status-publish","hentry"],"yoast_head":"<!-- This site is optimized with the Yoast SEO plugin v21.4 - https:\/\/yoast.com\/wordpress\/plugins\/seo\/ -->\n<title>Prix - Hotel Crystal<\/title>\n<meta name=\"robots\" content=\"index, follow, max-snippet:-1, max-image-preview:large, max-video-preview:-1\" \/>\n<link rel=\"canonical\" href=\"https:\/\/www.hotelcrystalcaorle.it\/fr\/prezzi\/\" \/>\n<meta property=\"og:locale\" content=\"fr_FR\" \/>\n<meta property=\"og:type\" content=\"article\" \/>\n<meta property=\"og:title\" content=\"Prix - Hotel Crystal\" \/>\n<meta property=\"og:description\" content=\"Prix Si vous r\u00e9servez sans interm\u00e9diaires, vous b\u00e9n\u00e9ficierez d\u2019offres exclusives et du meilleur prix garanti. Chambre Economy 45,00 \u20ac Prix \u200b\u200bpar personnede 45,00 \u20ac \u00e0 60,00 \u20ac Les chambres Economy ont une taille plus petite que les autres types, sans compromettre le confort des vacances. Il n&rsquo;y a que 2 lits (simples ou doubles), TV [&hellip;]\" \/>\n<meta property=\"og:url\" content=\"https:\/\/www.hotelcrystalcaorle.it\/fr\/prezzi\/\" \/>\n<meta property=\"og:site_name\" content=\"Hotel Crystal\" \/>\n<meta property=\"article:modified_time\" content=\"2022-01-24T18:32:29+00:00\" \/>\n<meta property=\"og:image\" content=\"http:\/\/www.hotelcrystalcaorle.it\/wp-content\/uploads\/2021\/05\/senza-glutine-per-celiaci-3.png\" \/>\n<meta name=\"twitter:card\" content=\"summary_large_image\" \/>\n<meta name=\"twitter:label1\" content=\"Dur\u00e9e de lecture estim\u00e9e\" \/>\n\t<meta name=\"twitter:data1\" content=\"3 minutes\" \/>\n<script type=\"application\/ld+json\" class=\"yoast-schema-graph\">{\"@context\":\"https:\/\/schema.org\",\"@graph\":[{\"@type\":\"WebPage\",\"@id\":\"https:\/\/www.hotelcrystalcaorle.it\/fr\/prezzi\/\",\"url\":\"https:\/\/www.hotelcrystalcaorle.it\/fr\/prezzi\/\",\"name\":\"Prix - Hotel Crystal\",\"isPartOf\":{\"@id\":\"https:\/\/www.hotelcrystalcaorle.it\/#website\"},\"datePublished\":\"2021-03-03T10:18:32+00:00\",\"dateModified\":\"2022-01-24T18:32:29+00:00\",\"breadcrumb\":{\"@id\":\"https:\/\/www.hotelcrystalcaorle.it\/fr\/prezzi\/#breadcrumb\"},\"inLanguage\":\"fr-FR\",\"potentialAction\":[{\"@type\":\"ReadAction\",\"target\":[\"https:\/\/www.hotelcrystalcaorle.it\/fr\/prezzi\/\"]}]},{\"@type\":\"BreadcrumbList\",\"@id\":\"https:\/\/www.hotelcrystalcaorle.it\/fr\/prezzi\/#breadcrumb\",\"itemListElement\":[{\"@type\":\"ListItem\",\"position\":1,\"name\":\"Home\",\"item\":\"https:\/\/www.hotelcrystalcaorle.it\/fr\/\"},{\"@type\":\"ListItem\",\"position\":2,\"name\":\"Prix\"}]},{\"@type\":\"WebSite\",\"@id\":\"https:\/\/www.hotelcrystalcaorle.it\/#website\",\"url\":\"https:\/\/www.hotelcrystalcaorle.it\/\",\"name\":\"Hotel Crystal\",\"description\":\"Hotel 3 stelle a Caorle\",\"potentialAction\":[{\"@type\":\"SearchAction\",\"target\":{\"@type\":\"EntryPoint\",\"urlTemplate\":\"https:\/\/www.hotelcrystalcaorle.it\/?s={search_term_string}\"},\"query-input\":\"required name=search_term_string\"}],\"inLanguage\":\"fr-FR\"}]}<\/script>\n<!-- \/ Yoast SEO plugin. -->","yoast_head_json":{"title":"Prix - Hotel Crystal","robots":{"index":"index","follow":"follow","max-snippet":"max-snippet:-1","max-image-preview":"max-image-preview:large","max-video-preview":"max-video-preview:-1"},"canonical":"https:\/\/www.hotelcrystalcaorle.it\/fr\/prezzi\/","og_locale":"fr_FR","og_type":"article","og_title":"Prix - Hotel Crystal","og_description":"Prix Si vous r\u00e9servez sans interm\u00e9diaires, vous b\u00e9n\u00e9ficierez d\u2019offres exclusives et du meilleur prix garanti. Chambre Economy 45,00 \u20ac Prix \u200b\u200bpar personnede 45,00 \u20ac \u00e0 60,00 \u20ac Les chambres Economy ont une taille plus petite que les autres types, sans compromettre le confort des vacances. Il n&rsquo;y a que 2 lits (simples ou doubles), TV [&hellip;]","og_url":"https:\/\/www.hotelcrystalcaorle.it\/fr\/prezzi\/","og_site_name":"Hotel Crystal","article_modified_time":"2022-01-24T18:32:29+00:00","og_image":[{"url":"http:\/\/www.hotelcrystalcaorle.it\/wp-content\/uploads\/2021\/05\/senza-glutine-per-celiaci-3.png"}],"twitter_card":"summary_large_image","twitter_misc":{"Dur\u00e9e de lecture estim\u00e9e":"3 minutes"},"schema":{"@context":"https:\/\/schema.org","@graph":[{"@type":"WebPage","@id":"https:\/\/www.hotelcrystalcaorle.it\/fr\/prezzi\/","url":"https:\/\/www.hotelcrystalcaorle.it\/fr\/prezzi\/","name":"Prix - Hotel Crystal","isPartOf":{"@id":"https:\/\/www.hotelcrystalcaorle.it\/#website"},"datePublished":"2021-03-03T10:18:32+00:00","dateModified":"2022-01-24T18:32:29+00:00","breadcrumb":{"@id":"https:\/\/www.hotelcrystalcaorle.it\/fr\/prezzi\/#breadcrumb"},"inLanguage":"fr-FR","potentialAction":[{"@type":"ReadAction","target":["https:\/\/www.hotelcrystalcaorle.it\/fr\/prezzi\/"]}]},{"@type":"BreadcrumbList","@id":"https:\/\/www.hotelcrystalcaorle.it\/fr\/prezzi\/#breadcrumb","itemListElement":[{"@type":"ListItem","position":1,"name":"Home","item":"https:\/\/www.hotelcrystalcaorle.it\/fr\/"},{"@type":"ListItem","position":2,"name":"Prix"}]},{"@type":"WebSite","@id":"https:\/\/www.hotelcrystalcaorle.it\/#website","url":"https:\/\/www.hotelcrystalcaorle.it\/","name":"Hotel Crystal","description":"Hotel 3 stelle a Caorle","potentialAction":[{"@type":"SearchAction","target":{"@type":"EntryPoint","urlTemplate":"https:\/\/www.hotelcrystalcaorle.it\/?s={search_term_string}"},"query-input":"required name=search_term_string"}],"inLanguage":"fr-FR"}]}},"_links":{"self":[{"href":"https:\/\/www.hotelcrystalcaorle.it\/fr\/wp-json\/wp\/v2\/pages\/4867","targetHints":{"allow":["GET"]}}],"collection":[{"href":"https:\/\/www.hotelcrystalcaorle.it\/fr\/wp-json\/wp\/v2\/pages"}],"about":[{"href":"https:\/\/www.hotelcrystalcaorle.it\/fr\/wp-json\/wp\/v2\/types\/page"}],"author":[{"embeddable":true,"href":"https:\/\/www.hotelcrystalcaorle.it\/fr\/wp-json\/wp\/v2\/users\/1"}],"replies":[{"embeddable":true,"href":"https:\/\/www.hotelcrystalcaorle.it\/fr\/wp-json\/wp\/v2\/comments?post=4867"}],"version-history":[{"count":23,"href":"https:\/\/www.hotelcrystalcaorle.it\/fr\/wp-json\/wp\/v2\/pages\/4867\/revisions"}],"predecessor-version":[{"id":5439,"href":"https:\/\/www.hotelcrystalcaorle.it\/fr\/wp-json\/wp\/v2\/pages\/4867\/revisions\/5439"}],"wp:attachment":[{"href":"https:\/\/www.hotelcrystalcaorle.it\/fr\/wp-json\/wp\/v2\/media?parent=4867"}],"curies":[{"name":"wp","href":"https:\/\/api.w.org\/{rel}","templated":true}]}}