{"id":4848,"date":"2021-03-03T10:56:55","date_gmt":"2021-03-03T10:56:55","guid":{"rendered":"http:\/\/www.hotelcrystalcaorle.it\/dove-siamo\/"},"modified":"2021-05-03T09:41:20","modified_gmt":"2021-05-03T09:41:20","slug":"dove-siamo","status":"publish","type":"page","link":"https:\/\/www.hotelcrystalcaorle.it\/fr\/dove-siamo\/","title":{"rendered":"O\u00f9 nous sommes"},"content":{"rendered":"\t\t<div data-elementor-type=\"wp-page\" data-elementor-id=\"4848\" class=\"elementor elementor-4848 elementor-4505\">\n\t\t\t\t\t\t\t\t\t<section class=\"elementor-section elementor-top-section elementor-element elementor-element-55bc024 elementor-section-full_width qodef-elementor-content-grid elementor-section-height-default elementor-section-height-default\" data-id=\"55bc024\" data-element_type=\"section\">\n\t\t\t\t\t\t<div class=\"elementor-container elementor-column-gap-no\">\n\t\t\t\t\t<div class=\"elementor-column elementor-col-100 elementor-top-column elementor-element elementor-element-5abf0b6\" data-id=\"5abf0b6\" data-element_type=\"column\">\n\t\t\t<div class=\"elementor-widget-wrap elementor-element-populated\">\n\t\t\t\t\t\t\t\t<div class=\"elementor-element elementor-element-1522463 elementor-widget elementor-widget-alloggio_core_section_title\" data-id=\"1522463\" data-element_type=\"widget\" data-widget_type=\"alloggio_core_section_title.default\">\n\t\t\t\t<div class=\"elementor-widget-container\">\n\t\t\t<div class=\"qodef-shortcode qodef-m  qodef-section-title qodef-alignment--center\">\n\t\t<h2 class=\"qodef-m-title\" >\n\t\t\t\t\tNotre position\t\t\t<\/h2>\n\t\t<span class=\"qodef-m-text\" style=\"margin-top: 25px\">Vous pouvez utiliser la carte ci-dessous pour voir l&#039;emplacement de l&#039;h\u00f4tel Crystal \u00e0 Caorle.\nL&#039;h\u00f4tel 3 \u00e9toiles Crystal est situ\u00e9 via del Quadrante, 9 - 30021 Caorle (VE) \u00e0 proximit\u00e9 de la plage de &quot;Ponente&quot;<\/span>\n<\/div>\t\t<\/div>\n\t\t\t\t<\/div>\n\t\t\t\t\t<\/div>\n\t\t<\/div>\n\t\t\t\t\t\t\t<\/div>\n\t\t<\/section>\n\t\t\t\t<section class=\"elementor-section elementor-top-section elementor-element elementor-element-e9c6203 elementor-section-boxed elementor-section-height-default elementor-section-height-default qodef-elementor-content-no\" data-id=\"e9c6203\" data-element_type=\"section\">\n\t\t\t\t\t\t<div class=\"elementor-container elementor-column-gap-default\">\n\t\t\t\t\t<div class=\"elementor-column elementor-col-100 elementor-top-column elementor-element elementor-element-2b28e01\" data-id=\"2b28e01\" data-element_type=\"column\">\n\t\t\t<div class=\"elementor-widget-wrap elementor-element-populated\">\n\t\t\t\t\t\t\t\t<div class=\"elementor-element elementor-element-61afb3c elementor-widget elementor-widget-text-editor\" data-id=\"61afb3c\" data-element_type=\"widget\" data-widget_type=\"text-editor.default\">\n\t\t\t\t<div class=\"elementor-widget-container\">\n\t\t\t\t\t\t\t<iframe loading=\"lazy\" frameborder=\"0\" height=\"450\" scrolling=\"no\" src=\"http:\/\/www.alfa.it\/cesco\/univers.php?x=45.595550&amp;y=12.871934&amp;testo=%3CB%3EHotel%20Crystal%20***%3C\/b%3E%3Cbr%3Evia%20Del%20Quadrante,%209%3Cbr%3ECAORLE%20%28VE%29&amp;w=100%&amp;h=450\" width=\"100%\"><\/iframe>\t\t\t\t\t\t<\/div>\n\t\t\t\t<\/div>\n\t\t\t\t\t<\/div>\n\t\t<\/div>\n\t\t\t\t\t\t\t<\/div>\n\t\t<\/section>\n\t\t\t\t<section class=\"elementor-section elementor-top-section elementor-element elementor-element-ff1ceb8 elementor-section-full_width elementor-section-height-default elementor-section-height-default qodef-elementor-content-no\" data-id=\"ff1ceb8\" data-element_type=\"section\">\n\t\t\t\t\t\t<div class=\"elementor-container elementor-column-gap-default\">\n\t\t\t\t\t<div class=\"elementor-column elementor-col-100 elementor-top-column elementor-element elementor-element-8092cce elementor-invisible\" data-id=\"8092cce\" data-element_type=\"column\" data-settings=\"{&quot;animation&quot;:&quot;fadeInUp&quot;,&quot;background_background&quot;:&quot;classic&quot;}\">\n\t\t\t<div class=\"elementor-widget-wrap elementor-element-populated\">\n\t\t\t\t\t\t\t\t<div class=\"elementor-element elementor-element-be531f2 elementor-widget elementor-widget-text-editor\" data-id=\"be531f2\" data-element_type=\"widget\" data-widget_type=\"text-editor.default\">\n\t\t\t\t<div class=\"elementor-widget-container\">\n\t\t\t\t\t\t\t<p>Pour rejoindre l&rsquo;h\u00f4tel Crystal une fois arriv\u00e9 \u00e0 CAORLE, continuez vers SPIAGGIA DI PONENTE, continuez sur via Buonarroti pendant environ 1 km, tournez \u00e0 droite sur via del Quadrante. 100 m et vous arriverez \u00e0 l&rsquo;h\u00f4tel Crystal sur la gauche.<\/p>\t\t\t\t\t\t<\/div>\n\t\t\t\t<\/div>\n\t\t\t\t\t<\/div>\n\t\t<\/div>\n\t\t\t\t\t\t\t<\/div>\n\t\t<\/section>\n\t\t\t\t<section class=\"elementor-section elementor-top-section elementor-element elementor-element-cad4c10 elementor-section-boxed elementor-section-height-default elementor-section-height-default qodef-elementor-content-no\" data-id=\"cad4c10\" data-element_type=\"section\">\n\t\t\t\t\t\t<div class=\"elementor-container elementor-column-gap-default\">\n\t\t\t\t\t<div class=\"elementor-column elementor-col-100 elementor-top-column elementor-element elementor-element-7b39871\" data-id=\"7b39871\" data-element_type=\"column\">\n\t\t\t<div class=\"elementor-widget-wrap elementor-element-populated\">\n\t\t\t\t\t\t\t\t<div class=\"elementor-element elementor-element-78f6dec elementor-widget elementor-widget-alloggio_core_section_title\" data-id=\"78f6dec\" data-element_type=\"widget\" data-widget_type=\"alloggio_core_section_title.default\">\n\t\t\t\t<div class=\"elementor-widget-container\">\n\t\t\t<div class=\"qodef-shortcode qodef-m  qodef-section-title qodef-alignment--center\">\n\t\t<h2 class=\"qodef-m-title\" >\n\t\t\t\t\tComment se rendre \u00e0 Caorle\t\t\t<\/h2>\n\t\t<span class=\"qodef-m-text\" style=\"margin-top: 25px\">Voici quelques indications pour rejoindre Caorle en transports en commun.<\/span>\n<\/div>\t\t<\/div>\n\t\t\t\t<\/div>\n\t\t\t\t\t<\/div>\n\t\t<\/div>\n\t\t\t\t\t\t\t<\/div>\n\t\t<\/section>\n\t\t\t\t<section class=\"elementor-section elementor-top-section elementor-element elementor-element-51e6c76 elementor-section-boxed elementor-section-height-default elementor-section-height-default qodef-elementor-content-no\" data-id=\"51e6c76\" data-element_type=\"section\">\n\t\t\t\t\t\t<div class=\"elementor-container elementor-column-gap-default\">\n\t\t\t\t\t<div class=\"elementor-column elementor-col-25 elementor-top-column elementor-element elementor-element-9bf9ee0\" data-id=\"9bf9ee0\" data-element_type=\"column\">\n\t\t\t<div class=\"elementor-widget-wrap elementor-element-populated\">\n\t\t\t\t\t\t\t\t<div class=\"elementor-element elementor-element-d06828c elementor-invisible elementor-widget elementor-widget-alloggio_core_icon\" data-id=\"d06828c\" data-element_type=\"widget\" data-settings=\"{&quot;_animation&quot;:&quot;fadeInDown&quot;}\" data-widget_type=\"alloggio_core_icon.default\">\n\t\t\t\t<div class=\"elementor-widget-container\">\n\t\t\t<span class=\"qodef-shortcode qodef-m  qodef-icon-holder qodef-size--medium qodef-layout--normal\"  >\n\t        <span class=\"qodef-icon-simple-line-icons icon-plane qodef-icon qodef-e\" style=\"\" ><\/span>    <\/span>\t\t<\/div>\n\t\t\t\t<\/div>\n\t\t\t\t<div class=\"elementor-element elementor-element-56332b2 elementor-widget elementor-widget-text-editor\" data-id=\"56332b2\" data-element_type=\"widget\" data-widget_type=\"text-editor.default\">\n\t\t\t\t<div class=\"elementor-widget-container\">\n\t\t\t\t\t\t\t<p>En avion, atterrissage \u00e0 l&rsquo;a\u00e9roport \u00ab\u00a0Marco Polo\u00a0\u00bb de Venise ou \u00e0 l&rsquo;a\u00e9roport de Tr\u00e9vise puis en bus jusqu&rsquo;\u00e0 Caorle.<\/p>\t\t\t\t\t\t<\/div>\n\t\t\t\t<\/div>\n\t\t\t\t\t<\/div>\n\t\t<\/div>\n\t\t\t\t<div class=\"elementor-column elementor-col-25 elementor-top-column elementor-element elementor-element-7fb0633\" data-id=\"7fb0633\" data-element_type=\"column\">\n\t\t\t<div class=\"elementor-widget-wrap elementor-element-populated\">\n\t\t\t\t\t\t\t\t<div class=\"elementor-element elementor-element-052ab81 elementor-invisible elementor-widget elementor-widget-alloggio_core_icon\" data-id=\"052ab81\" data-element_type=\"widget\" data-settings=\"{&quot;_animation&quot;:&quot;fadeInDown&quot;}\" data-widget_type=\"alloggio_core_icon.default\">\n\t\t\t\t<div class=\"elementor-widget-container\">\n\t\t\t<span class=\"qodef-shortcode qodef-m  qodef-icon-holder qodef-size--medium qodef-layout--normal\"  >\n\t        <span class=\"qodef-icon-linear-icons lnr-train lnr qodef-icon qodef-e\" style=\"\" ><\/span>    <\/span>\t\t<\/div>\n\t\t\t\t<\/div>\n\t\t\t\t<div class=\"elementor-element elementor-element-09fb05d elementor-widget elementor-widget-text-editor\" data-id=\"09fb05d\" data-element_type=\"widget\" data-widget_type=\"text-editor.default\">\n\t\t\t\t<div class=\"elementor-widget-container\">\n\t\t\t\t\t\t\t<p>En train, ligne Venise-Trieste, descendez \u00e0 la gare de Portogruaro, o\u00f9 se trouve le bus de correspondance qui vous emm\u00e8ne \u00e0 votre destination.<\/p>\t\t\t\t\t\t<\/div>\n\t\t\t\t<\/div>\n\t\t\t\t\t<\/div>\n\t\t<\/div>\n\t\t\t\t<div class=\"elementor-column elementor-col-25 elementor-top-column elementor-element elementor-element-f2038b7\" data-id=\"f2038b7\" data-element_type=\"column\">\n\t\t\t<div class=\"elementor-widget-wrap elementor-element-populated\">\n\t\t\t\t\t\t\t\t<div class=\"elementor-element elementor-element-b2b8c97 elementor-invisible elementor-widget elementor-widget-alloggio_core_icon\" data-id=\"b2b8c97\" data-element_type=\"widget\" data-settings=\"{&quot;_animation&quot;:&quot;fadeInDown&quot;}\" data-widget_type=\"alloggio_core_icon.default\">\n\t\t\t\t<div class=\"elementor-widget-container\">\n\t\t\t<span class=\"qodef-shortcode qodef-m  qodef-icon-holder qodef-size--large qodef-layout--normal\"  >\n\t        <span class=\"qodef-icon-linear-icons lnr-car lnr qodef-icon qodef-e\" style=\"\" ><\/span>    <\/span>\t\t<\/div>\n\t\t\t\t<\/div>\n\t\t\t\t<div class=\"elementor-element elementor-element-0bca113 elementor-widget elementor-widget-text-editor\" data-id=\"0bca113\" data-element_type=\"widget\" data-widget_type=\"text-editor.default\">\n\t\t\t\t<div class=\"elementor-widget-container\">\n\t\t\t\t\t\t\t<p>En voiture par l&rsquo;autoroute A4 jusqu&rsquo;\u00e0 la sortie S.Stino di Livenza.<\/p>\t\t\t\t\t\t<\/div>\n\t\t\t\t<\/div>\n\t\t\t\t\t<\/div>\n\t\t<\/div>\n\t\t\t\t<div class=\"elementor-column elementor-col-25 elementor-top-column elementor-element elementor-element-cf4373f\" data-id=\"cf4373f\" data-element_type=\"column\">\n\t\t\t<div class=\"elementor-widget-wrap elementor-element-populated\">\n\t\t\t\t\t\t\t\t<div class=\"elementor-element elementor-element-64422ae elementor-invisible elementor-widget elementor-widget-alloggio_core_icon\" data-id=\"64422ae\" data-element_type=\"widget\" data-settings=\"{&quot;_animation&quot;:&quot;fadeInDown&quot;}\" data-widget_type=\"alloggio_core_icon.default\">\n\t\t\t\t<div class=\"elementor-widget-container\">\n\t\t\t<span class=\"qodef-shortcode qodef-m  qodef-icon-holder qodef-size--medium qodef-layout--normal\"  >\n\t        <span class=\"qodef-icon-linear-icons lnr-bus lnr qodef-icon qodef-e\" style=\"\" ><\/span>    <\/span>\t\t<\/div>\n\t\t\t\t<\/div>\n\t\t\t\t<div class=\"elementor-element elementor-element-0e9f3f6 elementor-widget elementor-widget-text-editor\" data-id=\"0e9f3f6\" data-element_type=\"widget\" data-widget_type=\"text-editor.default\">\n\t\t\t\t<div class=\"elementor-widget-container\">\n\t\t\t\t\t\t\t<p>Depuis les villes voisines via les lignes de bus ATVO, la gare est \u00e0 deux pas du centre historique.<\/p>\t\t\t\t\t\t<\/div>\n\t\t\t\t<\/div>\n\t\t\t\t\t<\/div>\n\t\t<\/div>\n\t\t\t\t\t\t\t<\/div>\n\t\t<\/section>\n\t\t\t\t\t\t\t<\/div>\n\t\t","protected":false},"excerpt":{"rendered":"<p>Notre position Vous pouvez utiliser la carte ci-dessous pour voir l&#039;emplacement de l&#039;h\u00f4tel Crystal \u00e0 Caorle. L&#039;h\u00f4tel 3 \u00e9toiles Crystal est situ\u00e9 via del Quadrante, 9 &#8211; 30021 Caorle (VE) \u00e0 proximit\u00e9 de la plage de &quot;Ponente&quot; Pour rejoindre l&rsquo;h\u00f4tel Crystal une fois arriv\u00e9 \u00e0 CAORLE, continuez vers SPIAGGIA DI PONENTE, continuez sur via Buonarroti [&hellip;]<\/p>\n","protected":false},"author":1,"featured_media":0,"parent":0,"menu_order":0,"comment_status":"closed","ping_status":"closed","template":"page-full-width.php","meta":{"footnotes":""},"class_list":["post-4848","page","type-page","status-publish","hentry"],"yoast_head":"<!-- This site is optimized with the Yoast SEO plugin v21.4 - https:\/\/yoast.com\/wordpress\/plugins\/seo\/ -->\n<title>O\u00f9 nous sommes - Hotel Crystal<\/title>\n<meta name=\"robots\" content=\"index, follow, max-snippet:-1, max-image-preview:large, max-video-preview:-1\" \/>\n<link rel=\"canonical\" href=\"https:\/\/www.hotelcrystalcaorle.it\/fr\/dove-siamo\/\" \/>\n<meta property=\"og:locale\" content=\"fr_FR\" \/>\n<meta property=\"og:type\" content=\"article\" \/>\n<meta property=\"og:title\" content=\"O\u00f9 nous sommes - Hotel Crystal\" \/>\n<meta property=\"og:description\" content=\"Notre position Vous pouvez utiliser la carte ci-dessous pour voir l&#039;emplacement de l&#039;h\u00f4tel Crystal \u00e0 Caorle. L&#039;h\u00f4tel 3 \u00e9toiles Crystal est situ\u00e9 via del Quadrante, 9 &#8211; 30021 Caorle (VE) \u00e0 proximit\u00e9 de la plage de &quot;Ponente&quot; Pour rejoindre l&rsquo;h\u00f4tel Crystal une fois arriv\u00e9 \u00e0 CAORLE, continuez vers SPIAGGIA DI PONENTE, continuez sur via Buonarroti [&hellip;]\" \/>\n<meta property=\"og:url\" content=\"https:\/\/www.hotelcrystalcaorle.it\/fr\/dove-siamo\/\" \/>\n<meta property=\"og:site_name\" content=\"Hotel Crystal\" \/>\n<meta property=\"article:modified_time\" content=\"2021-05-03T09:41:20+00:00\" \/>\n<meta name=\"twitter:card\" content=\"summary_large_image\" \/>\n<meta name=\"twitter:label1\" content=\"Dur\u00e9e de lecture estim\u00e9e\" \/>\n\t<meta name=\"twitter:data1\" content=\"1 minute\" \/>\n<script type=\"application\/ld+json\" class=\"yoast-schema-graph\">{\"@context\":\"https:\/\/schema.org\",\"@graph\":[{\"@type\":\"WebPage\",\"@id\":\"https:\/\/www.hotelcrystalcaorle.it\/fr\/dove-siamo\/\",\"url\":\"https:\/\/www.hotelcrystalcaorle.it\/fr\/dove-siamo\/\",\"name\":\"O\u00f9 nous sommes - Hotel Crystal\",\"isPartOf\":{\"@id\":\"https:\/\/www.hotelcrystalcaorle.it\/#website\"},\"datePublished\":\"2021-03-03T10:56:55+00:00\",\"dateModified\":\"2021-05-03T09:41:20+00:00\",\"breadcrumb\":{\"@id\":\"https:\/\/www.hotelcrystalcaorle.it\/fr\/dove-siamo\/#breadcrumb\"},\"inLanguage\":\"fr-FR\",\"potentialAction\":[{\"@type\":\"ReadAction\",\"target\":[\"https:\/\/www.hotelcrystalcaorle.it\/fr\/dove-siamo\/\"]}]},{\"@type\":\"BreadcrumbList\",\"@id\":\"https:\/\/www.hotelcrystalcaorle.it\/fr\/dove-siamo\/#breadcrumb\",\"itemListElement\":[{\"@type\":\"ListItem\",\"position\":1,\"name\":\"Home\",\"item\":\"https:\/\/www.hotelcrystalcaorle.it\/fr\/\"},{\"@type\":\"ListItem\",\"position\":2,\"name\":\"O\u00f9 nous sommes\"}]},{\"@type\":\"WebSite\",\"@id\":\"https:\/\/www.hotelcrystalcaorle.it\/#website\",\"url\":\"https:\/\/www.hotelcrystalcaorle.it\/\",\"name\":\"Hotel Crystal\",\"description\":\"Hotel 3 stelle a Caorle\",\"potentialAction\":[{\"@type\":\"SearchAction\",\"target\":{\"@type\":\"EntryPoint\",\"urlTemplate\":\"https:\/\/www.hotelcrystalcaorle.it\/?s={search_term_string}\"},\"query-input\":\"required name=search_term_string\"}],\"inLanguage\":\"fr-FR\"}]}<\/script>\n<!-- \/ Yoast SEO plugin. -->","yoast_head_json":{"title":"O\u00f9 nous sommes - Hotel Crystal","robots":{"index":"index","follow":"follow","max-snippet":"max-snippet:-1","max-image-preview":"max-image-preview:large","max-video-preview":"max-video-preview:-1"},"canonical":"https:\/\/www.hotelcrystalcaorle.it\/fr\/dove-siamo\/","og_locale":"fr_FR","og_type":"article","og_title":"O\u00f9 nous sommes - Hotel Crystal","og_description":"Notre position Vous pouvez utiliser la carte ci-dessous pour voir l&#039;emplacement de l&#039;h\u00f4tel Crystal \u00e0 Caorle. L&#039;h\u00f4tel 3 \u00e9toiles Crystal est situ\u00e9 via del Quadrante, 9 &#8211; 30021 Caorle (VE) \u00e0 proximit\u00e9 de la plage de &quot;Ponente&quot; Pour rejoindre l&rsquo;h\u00f4tel Crystal une fois arriv\u00e9 \u00e0 CAORLE, continuez vers SPIAGGIA DI PONENTE, continuez sur via Buonarroti [&hellip;]","og_url":"https:\/\/www.hotelcrystalcaorle.it\/fr\/dove-siamo\/","og_site_name":"Hotel Crystal","article_modified_time":"2021-05-03T09:41:20+00:00","twitter_card":"summary_large_image","twitter_misc":{"Dur\u00e9e de lecture estim\u00e9e":"1 minute"},"schema":{"@context":"https:\/\/schema.org","@graph":[{"@type":"WebPage","@id":"https:\/\/www.hotelcrystalcaorle.it\/fr\/dove-siamo\/","url":"https:\/\/www.hotelcrystalcaorle.it\/fr\/dove-siamo\/","name":"O\u00f9 nous sommes - Hotel Crystal","isPartOf":{"@id":"https:\/\/www.hotelcrystalcaorle.it\/#website"},"datePublished":"2021-03-03T10:56:55+00:00","dateModified":"2021-05-03T09:41:20+00:00","breadcrumb":{"@id":"https:\/\/www.hotelcrystalcaorle.it\/fr\/dove-siamo\/#breadcrumb"},"inLanguage":"fr-FR","potentialAction":[{"@type":"ReadAction","target":["https:\/\/www.hotelcrystalcaorle.it\/fr\/dove-siamo\/"]}]},{"@type":"BreadcrumbList","@id":"https:\/\/www.hotelcrystalcaorle.it\/fr\/dove-siamo\/#breadcrumb","itemListElement":[{"@type":"ListItem","position":1,"name":"Home","item":"https:\/\/www.hotelcrystalcaorle.it\/fr\/"},{"@type":"ListItem","position":2,"name":"O\u00f9 nous sommes"}]},{"@type":"WebSite","@id":"https:\/\/www.hotelcrystalcaorle.it\/#website","url":"https:\/\/www.hotelcrystalcaorle.it\/","name":"Hotel Crystal","description":"Hotel 3 stelle a Caorle","potentialAction":[{"@type":"SearchAction","target":{"@type":"EntryPoint","urlTemplate":"https:\/\/www.hotelcrystalcaorle.it\/?s={search_term_string}"},"query-input":"required name=search_term_string"}],"inLanguage":"fr-FR"}]}},"_links":{"self":[{"href":"https:\/\/www.hotelcrystalcaorle.it\/fr\/wp-json\/wp\/v2\/pages\/4848","targetHints":{"allow":["GET"]}}],"collection":[{"href":"https:\/\/www.hotelcrystalcaorle.it\/fr\/wp-json\/wp\/v2\/pages"}],"about":[{"href":"https:\/\/www.hotelcrystalcaorle.it\/fr\/wp-json\/wp\/v2\/types\/page"}],"author":[{"embeddable":true,"href":"https:\/\/www.hotelcrystalcaorle.it\/fr\/wp-json\/wp\/v2\/users\/1"}],"replies":[{"embeddable":true,"href":"https:\/\/www.hotelcrystalcaorle.it\/fr\/wp-json\/wp\/v2\/comments?post=4848"}],"version-history":[{"count":4,"href":"https:\/\/www.hotelcrystalcaorle.it\/fr\/wp-json\/wp\/v2\/pages\/4848\/revisions"}],"predecessor-version":[{"id":4852,"href":"https:\/\/www.hotelcrystalcaorle.it\/fr\/wp-json\/wp\/v2\/pages\/4848\/revisions\/4852"}],"wp:attachment":[{"href":"https:\/\/www.hotelcrystalcaorle.it\/fr\/wp-json\/wp\/v2\/media?parent=4848"}],"curies":[{"name":"wp","href":"https:\/\/api.w.org\/{rel}","templated":true}]}}