{"id":5807,"date":"2023-01-19T16:22:31","date_gmt":"2023-01-19T16:22:31","guid":{"rendered":"https:\/\/www.hotelcrystalcaorle.it\/?page_id=5807"},"modified":"2023-01-22T11:28:21","modified_gmt":"2023-01-22T11:28:21","slug":"fruehstueck","status":"publish","type":"page","link":"https:\/\/www.hotelcrystalcaorle.it\/de\/fruehstueck\/","title":{"rendered":"Fr\u00fchst\u00fcck"},"content":{"rendered":"\t\t<div data-elementor-type=\"wp-page\" data-elementor-id=\"5807\" class=\"elementor elementor-5807 elementor-5806\">\n\t\t\t\t\t\t\t\t\t<section class=\"elementor-section elementor-top-section elementor-element elementor-element-55bc024 elementor-section-full_width qodef-elementor-content-grid elementor-section-height-default elementor-section-height-default\" data-id=\"55bc024\" data-element_type=\"section\">\n\t\t\t\t\t\t<div class=\"elementor-container elementor-column-gap-no\">\n\t\t\t\t\t<div class=\"elementor-column elementor-col-100 elementor-top-column elementor-element elementor-element-5abf0b6\" data-id=\"5abf0b6\" data-element_type=\"column\">\n\t\t\t<div class=\"elementor-widget-wrap elementor-element-populated\">\n\t\t\t\t\t\t\t\t<div class=\"elementor-element elementor-element-1522463 elementor-widget elementor-widget-alloggio_core_section_title\" data-id=\"1522463\" data-element_type=\"widget\" data-widget_type=\"alloggio_core_section_title.default\">\n\t\t\t\t<div class=\"elementor-widget-container\">\n\t\t\t<div class=\"qodef-shortcode qodef-m  qodef-section-title qodef-alignment--center\">\n\t\t<h2 class=\"qodef-m-title\" >\n\t\t\t\t\tDas Beste aus dem Tag machen\t\t\t<\/h2>\n\t\t<span class=\"qodef-m-text\" style=\"margin-top: 25px\">Der Tag beginnt am besten mit einem guten Fr\u00fchst\u00fcck. Im Hotel Crystal wissen wir, wie Sie Ihren Tag am Strand richtig angehen k\u00f6nnen. Wir haben auch an die Faulen gedacht, Fr\u00fchst\u00fcck gibt es bis 11 Uhr morgens.<\/span>\n<\/div>\t\t<\/div>\n\t\t\t\t<\/div>\n\t\t\t\t\t<\/div>\n\t\t<\/div>\n\t\t\t\t\t\t\t<\/div>\n\t\t<\/section>\n\t\t\t\t<section class=\"elementor-section elementor-top-section elementor-element elementor-element-ccf1882 elementor-section-full_width qodef-elementor-content-grid elementor-section-height-default elementor-section-height-default\" data-id=\"ccf1882\" data-element_type=\"section\">\n\t\t\t\t\t\t<div class=\"elementor-container elementor-column-gap-no\">\n\t\t\t\t\t<div class=\"elementor-column elementor-col-100 elementor-top-column elementor-element elementor-element-96ef65b\" data-id=\"96ef65b\" data-element_type=\"column\">\n\t\t\t<div class=\"elementor-widget-wrap elementor-element-populated\">\n\t\t\t\t\t\t\t\t<div class=\"elementor-element elementor-element-f53f3fe elementor-widget elementor-widget-image-gallery\" data-id=\"f53f3fe\" data-element_type=\"widget\" data-widget_type=\"image-gallery.default\">\n\t\t\t\t<div class=\"elementor-widget-container\">\n\t\t\t\t\t<div class=\"elementor-image-gallery\">\n\t\t\t\n\t\t<style type=\"text\/css\">\n\t\t\t#gallery-1 {\n\t\t\t\tmargin: auto;\n\t\t\t}\n\t\t\t#gallery-1 .gallery-item {\n\t\t\t\tfloat: left;\n\t\t\t\tmargin-top: 10px;\n\t\t\t\ttext-align: center;\n\t\t\t\twidth: 25%;\n\t\t\t}\n\t\t\t#gallery-1 img {\n\t\t\t\tborder: 2px solid #cfcfcf;\n\t\t\t}\n\t\t\t#gallery-1 .gallery-caption {\n\t\t\t\tmargin-left: 0;\n\t\t\t}\n\t\t\t\/* see gallery_shortcode() in wp-includes\/media.php *\/\n\t\t<\/style>\n\t\t<div id='gallery-1' class='gallery galleryid-5807 gallery-columns-4 gallery-size-alloggio_image_size_square'><dl class='gallery-item'>\n\t\t\t<dt class='gallery-icon landscape'>\n\t\t\t\t<a data-elementor-open-lightbox=\"yes\" data-elementor-lightbox-slideshow=\"f53f3fe\" data-elementor-lightbox-title=\"DSC_8445\" e-action-hash=\"#elementor-action%3Aaction%3Dlightbox%26settings%3DeyJpZCI6NTgyMywidXJsIjoiaHR0cHM6XC9cL3d3dy5ob3RlbGNyeXN0YWxjYW9ybGUuaXRcL3dwLWNvbnRlbnRcL3VwbG9hZHNcLzIwMjNcLzAxXC9EU0NfODQ0NS5qcGciLCJzbGlkZXNob3ciOiJmNTNmM2ZlIn0%3D\" href='https:\/\/www.hotelcrystalcaorle.it\/wp-content\/uploads\/2023\/01\/DSC_8445.jpg'><img loading=\"lazy\" decoding=\"async\" width=\"650\" height=\"650\" src=\"https:\/\/www.hotelcrystalcaorle.it\/wp-content\/uploads\/2023\/01\/DSC_8445-650x650.jpg\" class=\"attachment-alloggio_image_size_square size-alloggio_image_size_square\" alt=\"\" srcset=\"https:\/\/www.hotelcrystalcaorle.it\/wp-content\/uploads\/2023\/01\/DSC_8445-650x650.jpg 650w, https:\/\/www.hotelcrystalcaorle.it\/wp-content\/uploads\/2023\/01\/DSC_8445-150x150.jpg 150w, https:\/\/www.hotelcrystalcaorle.it\/wp-content\/uploads\/2023\/01\/DSC_8445-1300x1300.jpg 1300w, https:\/\/www.hotelcrystalcaorle.it\/wp-content\/uploads\/2023\/01\/DSC_8445-300x300.jpg 300w, https:\/\/www.hotelcrystalcaorle.it\/wp-content\/uploads\/2023\/01\/DSC_8445-100x100.jpg 100w\" sizes=\"auto, (max-width: 650px) 100vw, 650px\" \/><\/a>\n\t\t\t<\/dt><\/dl><dl class='gallery-item'>\n\t\t\t<dt class='gallery-icon landscape'>\n\t\t\t\t<a data-elementor-open-lightbox=\"yes\" data-elementor-lightbox-slideshow=\"f53f3fe\" data-elementor-lightbox-title=\"DSC_8450\" e-action-hash=\"#elementor-action%3Aaction%3Dlightbox%26settings%3DeyJpZCI6NTgyNywidXJsIjoiaHR0cHM6XC9cL3d3dy5ob3RlbGNyeXN0YWxjYW9ybGUuaXRcL3dwLWNvbnRlbnRcL3VwbG9hZHNcLzIwMjNcLzAxXC9EU0NfODQ1MC5qcGciLCJzbGlkZXNob3ciOiJmNTNmM2ZlIn0%3D\" href='https:\/\/www.hotelcrystalcaorle.it\/wp-content\/uploads\/2023\/01\/DSC_8450.jpg'><img loading=\"lazy\" decoding=\"async\" width=\"650\" height=\"650\" src=\"https:\/\/www.hotelcrystalcaorle.it\/wp-content\/uploads\/2023\/01\/DSC_8450-650x650.jpg\" class=\"attachment-alloggio_image_size_square size-alloggio_image_size_square\" alt=\"\" srcset=\"https:\/\/www.hotelcrystalcaorle.it\/wp-content\/uploads\/2023\/01\/DSC_8450-650x650.jpg 650w, https:\/\/www.hotelcrystalcaorle.it\/wp-content\/uploads\/2023\/01\/DSC_8450-150x150.jpg 150w, https:\/\/www.hotelcrystalcaorle.it\/wp-content\/uploads\/2023\/01\/DSC_8450-1300x1300.jpg 1300w, https:\/\/www.hotelcrystalcaorle.it\/wp-content\/uploads\/2023\/01\/DSC_8450-300x300.jpg 300w, https:\/\/www.hotelcrystalcaorle.it\/wp-content\/uploads\/2023\/01\/DSC_8450-100x100.jpg 100w\" sizes=\"auto, (max-width: 650px) 100vw, 650px\" \/><\/a>\n\t\t\t<\/dt><\/dl><dl class='gallery-item'>\n\t\t\t<dt class='gallery-icon landscape'>\n\t\t\t\t<a data-elementor-open-lightbox=\"yes\" data-elementor-lightbox-slideshow=\"f53f3fe\" data-elementor-lightbox-title=\"DSC_8455\" e-action-hash=\"#elementor-action%3Aaction%3Dlightbox%26settings%3DeyJpZCI6NTgzMSwidXJsIjoiaHR0cHM6XC9cL3d3dy5ob3RlbGNyeXN0YWxjYW9ybGUuaXRcL3dwLWNvbnRlbnRcL3VwbG9hZHNcLzIwMjNcLzAxXC9EU0NfODQ1NS5qcGciLCJzbGlkZXNob3ciOiJmNTNmM2ZlIn0%3D\" href='https:\/\/www.hotelcrystalcaorle.it\/wp-content\/uploads\/2023\/01\/DSC_8455.jpg'><img loading=\"lazy\" decoding=\"async\" width=\"650\" height=\"650\" src=\"https:\/\/www.hotelcrystalcaorle.it\/wp-content\/uploads\/2023\/01\/DSC_8455-650x650.jpg\" class=\"attachment-alloggio_image_size_square size-alloggio_image_size_square\" alt=\"\" srcset=\"https:\/\/www.hotelcrystalcaorle.it\/wp-content\/uploads\/2023\/01\/DSC_8455-650x650.jpg 650w, https:\/\/www.hotelcrystalcaorle.it\/wp-content\/uploads\/2023\/01\/DSC_8455-150x150.jpg 150w, https:\/\/www.hotelcrystalcaorle.it\/wp-content\/uploads\/2023\/01\/DSC_8455-1300x1300.jpg 1300w, https:\/\/www.hotelcrystalcaorle.it\/wp-content\/uploads\/2023\/01\/DSC_8455-300x300.jpg 300w, https:\/\/www.hotelcrystalcaorle.it\/wp-content\/uploads\/2023\/01\/DSC_8455-100x100.jpg 100w\" sizes=\"auto, (max-width: 650px) 100vw, 650px\" \/><\/a>\n\t\t\t<\/dt><\/dl><dl class='gallery-item'>\n\t\t\t<dt class='gallery-icon landscape'>\n\t\t\t\t<a data-elementor-open-lightbox=\"yes\" data-elementor-lightbox-slideshow=\"f53f3fe\" data-elementor-lightbox-title=\"DSC_8463\" e-action-hash=\"#elementor-action%3Aaction%3Dlightbox%26settings%3DeyJpZCI6NTgzNSwidXJsIjoiaHR0cHM6XC9cL3d3dy5ob3RlbGNyeXN0YWxjYW9ybGUuaXRcL3dwLWNvbnRlbnRcL3VwbG9hZHNcLzIwMjNcLzAxXC9EU0NfODQ2My5qcGciLCJzbGlkZXNob3ciOiJmNTNmM2ZlIn0%3D\" href='https:\/\/www.hotelcrystalcaorle.it\/wp-content\/uploads\/2023\/01\/DSC_8463.jpg'><img loading=\"lazy\" decoding=\"async\" width=\"650\" height=\"650\" src=\"https:\/\/www.hotelcrystalcaorle.it\/wp-content\/uploads\/2023\/01\/DSC_8463-650x650.jpg\" class=\"attachment-alloggio_image_size_square size-alloggio_image_size_square\" alt=\"\" srcset=\"https:\/\/www.hotelcrystalcaorle.it\/wp-content\/uploads\/2023\/01\/DSC_8463-650x650.jpg 650w, https:\/\/www.hotelcrystalcaorle.it\/wp-content\/uploads\/2023\/01\/DSC_8463-150x150.jpg 150w, https:\/\/www.hotelcrystalcaorle.it\/wp-content\/uploads\/2023\/01\/DSC_8463-1300x1300.jpg 1300w, https:\/\/www.hotelcrystalcaorle.it\/wp-content\/uploads\/2023\/01\/DSC_8463-300x300.jpg 300w, https:\/\/www.hotelcrystalcaorle.it\/wp-content\/uploads\/2023\/01\/DSC_8463-100x100.jpg 100w\" sizes=\"auto, (max-width: 650px) 100vw, 650px\" \/><\/a>\n\t\t\t<\/dt><\/dl><br style=\"clear: both\" \/><dl class='gallery-item'>\n\t\t\t<dt class='gallery-icon landscape'>\n\t\t\t\t<a data-elementor-open-lightbox=\"yes\" data-elementor-lightbox-slideshow=\"f53f3fe\" data-elementor-lightbox-title=\"DSC_8469\" e-action-hash=\"#elementor-action%3Aaction%3Dlightbox%26settings%3DeyJpZCI6NTgzOSwidXJsIjoiaHR0cHM6XC9cL3d3dy5ob3RlbGNyeXN0YWxjYW9ybGUuaXRcL3dwLWNvbnRlbnRcL3VwbG9hZHNcLzIwMjNcLzAxXC9EU0NfODQ2OS5qcGciLCJzbGlkZXNob3ciOiJmNTNmM2ZlIn0%3D\" href='https:\/\/www.hotelcrystalcaorle.it\/wp-content\/uploads\/2023\/01\/DSC_8469.jpg'><img loading=\"lazy\" decoding=\"async\" width=\"650\" height=\"650\" src=\"https:\/\/www.hotelcrystalcaorle.it\/wp-content\/uploads\/2023\/01\/DSC_8469-650x650.jpg\" class=\"attachment-alloggio_image_size_square size-alloggio_image_size_square\" alt=\"\" srcset=\"https:\/\/www.hotelcrystalcaorle.it\/wp-content\/uploads\/2023\/01\/DSC_8469-650x650.jpg 650w, https:\/\/www.hotelcrystalcaorle.it\/wp-content\/uploads\/2023\/01\/DSC_8469-150x150.jpg 150w, https:\/\/www.hotelcrystalcaorle.it\/wp-content\/uploads\/2023\/01\/DSC_8469-1300x1300.jpg 1300w, https:\/\/www.hotelcrystalcaorle.it\/wp-content\/uploads\/2023\/01\/DSC_8469-300x300.jpg 300w, https:\/\/www.hotelcrystalcaorle.it\/wp-content\/uploads\/2023\/01\/DSC_8469-100x100.jpg 100w\" sizes=\"auto, (max-width: 650px) 100vw, 650px\" \/><\/a>\n\t\t\t<\/dt><\/dl><dl class='gallery-item'>\n\t\t\t<dt class='gallery-icon landscape'>\n\t\t\t\t<a data-elementor-open-lightbox=\"yes\" data-elementor-lightbox-slideshow=\"f53f3fe\" data-elementor-lightbox-title=\"DSC_8475\" e-action-hash=\"#elementor-action%3Aaction%3Dlightbox%26settings%3DeyJpZCI6NTg0MywidXJsIjoiaHR0cHM6XC9cL3d3dy5ob3RlbGNyeXN0YWxjYW9ybGUuaXRcL3dwLWNvbnRlbnRcL3VwbG9hZHNcLzIwMjNcLzAxXC9EU0NfODQ3NS5qcGciLCJzbGlkZXNob3ciOiJmNTNmM2ZlIn0%3D\" href='https:\/\/www.hotelcrystalcaorle.it\/wp-content\/uploads\/2023\/01\/DSC_8475.jpg'><img loading=\"lazy\" decoding=\"async\" width=\"650\" height=\"650\" src=\"https:\/\/www.hotelcrystalcaorle.it\/wp-content\/uploads\/2023\/01\/DSC_8475-650x650.jpg\" class=\"attachment-alloggio_image_size_square size-alloggio_image_size_square\" alt=\"\" srcset=\"https:\/\/www.hotelcrystalcaorle.it\/wp-content\/uploads\/2023\/01\/DSC_8475-650x650.jpg 650w, https:\/\/www.hotelcrystalcaorle.it\/wp-content\/uploads\/2023\/01\/DSC_8475-150x150.jpg 150w, https:\/\/www.hotelcrystalcaorle.it\/wp-content\/uploads\/2023\/01\/DSC_8475-1300x1300.jpg 1300w, https:\/\/www.hotelcrystalcaorle.it\/wp-content\/uploads\/2023\/01\/DSC_8475-300x300.jpg 300w, https:\/\/www.hotelcrystalcaorle.it\/wp-content\/uploads\/2023\/01\/DSC_8475-100x100.jpg 100w\" sizes=\"auto, (max-width: 650px) 100vw, 650px\" \/><\/a>\n\t\t\t<\/dt><\/dl><dl class='gallery-item'>\n\t\t\t<dt class='gallery-icon landscape'>\n\t\t\t\t<a data-elementor-open-lightbox=\"yes\" data-elementor-lightbox-slideshow=\"f53f3fe\" data-elementor-lightbox-title=\"DSC_8477\" e-action-hash=\"#elementor-action%3Aaction%3Dlightbox%26settings%3DeyJpZCI6NTg0NywidXJsIjoiaHR0cHM6XC9cL3d3dy5ob3RlbGNyeXN0YWxjYW9ybGUuaXRcL3dwLWNvbnRlbnRcL3VwbG9hZHNcLzIwMjNcLzAxXC9EU0NfODQ3Ny0xLmpwZyIsInNsaWRlc2hvdyI6ImY1M2YzZmUifQ%3D%3D\" href='https:\/\/www.hotelcrystalcaorle.it\/wp-content\/uploads\/2023\/01\/DSC_8477-1.jpg'><img loading=\"lazy\" decoding=\"async\" width=\"650\" height=\"650\" src=\"https:\/\/www.hotelcrystalcaorle.it\/wp-content\/uploads\/2023\/01\/DSC_8477-1-650x650.jpg\" class=\"attachment-alloggio_image_size_square size-alloggio_image_size_square\" alt=\"\" srcset=\"https:\/\/www.hotelcrystalcaorle.it\/wp-content\/uploads\/2023\/01\/DSC_8477-1-650x650.jpg 650w, https:\/\/www.hotelcrystalcaorle.it\/wp-content\/uploads\/2023\/01\/DSC_8477-1-150x150.jpg 150w, https:\/\/www.hotelcrystalcaorle.it\/wp-content\/uploads\/2023\/01\/DSC_8477-1-1300x1300.jpg 1300w, https:\/\/www.hotelcrystalcaorle.it\/wp-content\/uploads\/2023\/01\/DSC_8477-1-300x300.jpg 300w, https:\/\/www.hotelcrystalcaorle.it\/wp-content\/uploads\/2023\/01\/DSC_8477-1-100x100.jpg 100w\" sizes=\"auto, (max-width: 650px) 100vw, 650px\" \/><\/a>\n\t\t\t<\/dt><\/dl><dl class='gallery-item'>\n\t\t\t<dt class='gallery-icon landscape'>\n\t\t\t\t<a data-elementor-open-lightbox=\"yes\" data-elementor-lightbox-slideshow=\"f53f3fe\" data-elementor-lightbox-title=\"DSC_8481\" e-action-hash=\"#elementor-action%3Aaction%3Dlightbox%26settings%3DeyJpZCI6NTg1MSwidXJsIjoiaHR0cHM6XC9cL3d3dy5ob3RlbGNyeXN0YWxjYW9ybGUuaXRcL3dwLWNvbnRlbnRcL3VwbG9hZHNcLzIwMjNcLzAxXC9EU0NfODQ4MS5qcGciLCJzbGlkZXNob3ciOiJmNTNmM2ZlIn0%3D\" href='https:\/\/www.hotelcrystalcaorle.it\/wp-content\/uploads\/2023\/01\/DSC_8481.jpg'><img loading=\"lazy\" decoding=\"async\" width=\"650\" height=\"650\" src=\"https:\/\/www.hotelcrystalcaorle.it\/wp-content\/uploads\/2023\/01\/DSC_8481-650x650.jpg\" class=\"attachment-alloggio_image_size_square size-alloggio_image_size_square\" alt=\"\" srcset=\"https:\/\/www.hotelcrystalcaorle.it\/wp-content\/uploads\/2023\/01\/DSC_8481-650x650.jpg 650w, https:\/\/www.hotelcrystalcaorle.it\/wp-content\/uploads\/2023\/01\/DSC_8481-150x150.jpg 150w, https:\/\/www.hotelcrystalcaorle.it\/wp-content\/uploads\/2023\/01\/DSC_8481-1300x1300.jpg 1300w, https:\/\/www.hotelcrystalcaorle.it\/wp-content\/uploads\/2023\/01\/DSC_8481-300x300.jpg 300w, https:\/\/www.hotelcrystalcaorle.it\/wp-content\/uploads\/2023\/01\/DSC_8481-100x100.jpg 100w\" sizes=\"auto, (max-width: 650px) 100vw, 650px\" \/><\/a>\n\t\t\t<\/dt><\/dl><br style=\"clear: both\" \/><dl class='gallery-item'>\n\t\t\t<dt class='gallery-icon landscape'>\n\t\t\t\t<a data-elementor-open-lightbox=\"yes\" data-elementor-lightbox-slideshow=\"f53f3fe\" data-elementor-lightbox-title=\"DSC_8492\" e-action-hash=\"#elementor-action%3Aaction%3Dlightbox%26settings%3DeyJpZCI6NTg1NSwidXJsIjoiaHR0cHM6XC9cL3d3dy5ob3RlbGNyeXN0YWxjYW9ybGUuaXRcL3dwLWNvbnRlbnRcL3VwbG9hZHNcLzIwMjNcLzAxXC9EU0NfODQ5Mi5qcGciLCJzbGlkZXNob3ciOiJmNTNmM2ZlIn0%3D\" href='https:\/\/www.hotelcrystalcaorle.it\/wp-content\/uploads\/2023\/01\/DSC_8492.jpg'><img loading=\"lazy\" decoding=\"async\" width=\"650\" height=\"650\" src=\"https:\/\/www.hotelcrystalcaorle.it\/wp-content\/uploads\/2023\/01\/DSC_8492-650x650.jpg\" class=\"attachment-alloggio_image_size_square size-alloggio_image_size_square\" alt=\"\" srcset=\"https:\/\/www.hotelcrystalcaorle.it\/wp-content\/uploads\/2023\/01\/DSC_8492-650x650.jpg 650w, https:\/\/www.hotelcrystalcaorle.it\/wp-content\/uploads\/2023\/01\/DSC_8492-150x150.jpg 150w, https:\/\/www.hotelcrystalcaorle.it\/wp-content\/uploads\/2023\/01\/DSC_8492-1300x1300.jpg 1300w, https:\/\/www.hotelcrystalcaorle.it\/wp-content\/uploads\/2023\/01\/DSC_8492-300x300.jpg 300w, https:\/\/www.hotelcrystalcaorle.it\/wp-content\/uploads\/2023\/01\/DSC_8492-100x100.jpg 100w\" sizes=\"auto, (max-width: 650px) 100vw, 650px\" \/><\/a>\n\t\t\t<\/dt><\/dl><dl class='gallery-item'>\n\t\t\t<dt class='gallery-icon landscape'>\n\t\t\t\t<a data-elementor-open-lightbox=\"yes\" data-elementor-lightbox-slideshow=\"f53f3fe\" data-elementor-lightbox-title=\"DSC_8507\" e-action-hash=\"#elementor-action%3Aaction%3Dlightbox%26settings%3DeyJpZCI6NTg2MywidXJsIjoiaHR0cHM6XC9cL3d3dy5ob3RlbGNyeXN0YWxjYW9ybGUuaXRcL3dwLWNvbnRlbnRcL3VwbG9hZHNcLzIwMjNcLzAxXC9EU0NfODUwNy5qcGciLCJzbGlkZXNob3ciOiJmNTNmM2ZlIn0%3D\" href='https:\/\/www.hotelcrystalcaorle.it\/wp-content\/uploads\/2023\/01\/DSC_8507.jpg'><img loading=\"lazy\" decoding=\"async\" width=\"650\" height=\"650\" src=\"https:\/\/www.hotelcrystalcaorle.it\/wp-content\/uploads\/2023\/01\/DSC_8507-650x650.jpg\" class=\"attachment-alloggio_image_size_square size-alloggio_image_size_square\" alt=\"\" srcset=\"https:\/\/www.hotelcrystalcaorle.it\/wp-content\/uploads\/2023\/01\/DSC_8507-650x650.jpg 650w, https:\/\/www.hotelcrystalcaorle.it\/wp-content\/uploads\/2023\/01\/DSC_8507-150x150.jpg 150w, https:\/\/www.hotelcrystalcaorle.it\/wp-content\/uploads\/2023\/01\/DSC_8507-1300x1300.jpg 1300w, https:\/\/www.hotelcrystalcaorle.it\/wp-content\/uploads\/2023\/01\/DSC_8507-300x300.jpg 300w, https:\/\/www.hotelcrystalcaorle.it\/wp-content\/uploads\/2023\/01\/DSC_8507-100x100.jpg 100w\" sizes=\"auto, (max-width: 650px) 100vw, 650px\" \/><\/a>\n\t\t\t<\/dt><\/dl><dl class='gallery-item'>\n\t\t\t<dt class='gallery-icon landscape'>\n\t\t\t\t<a data-elementor-open-lightbox=\"yes\" data-elementor-lightbox-slideshow=\"f53f3fe\" data-elementor-lightbox-title=\"IMG_9706\" e-action-hash=\"#elementor-action%3Aaction%3Dlightbox%26settings%3DeyJpZCI6NTg2NywidXJsIjoiaHR0cHM6XC9cL3d3dy5ob3RlbGNyeXN0YWxjYW9ybGUuaXRcL3dwLWNvbnRlbnRcL3VwbG9hZHNcLzIwMjNcLzAxXC9JTUdfOTcwNi5qcGciLCJzbGlkZXNob3ciOiJmNTNmM2ZlIn0%3D\" href='https:\/\/www.hotelcrystalcaorle.it\/wp-content\/uploads\/2023\/01\/IMG_9706.jpg'><img loading=\"lazy\" decoding=\"async\" width=\"650\" height=\"650\" src=\"https:\/\/www.hotelcrystalcaorle.it\/wp-content\/uploads\/2023\/01\/IMG_9706-650x650.jpg\" class=\"attachment-alloggio_image_size_square size-alloggio_image_size_square\" alt=\"\" srcset=\"https:\/\/www.hotelcrystalcaorle.it\/wp-content\/uploads\/2023\/01\/IMG_9706-650x650.jpg 650w, https:\/\/www.hotelcrystalcaorle.it\/wp-content\/uploads\/2023\/01\/IMG_9706-150x150.jpg 150w, https:\/\/www.hotelcrystalcaorle.it\/wp-content\/uploads\/2023\/01\/IMG_9706-1300x1300.jpg 1300w, https:\/\/www.hotelcrystalcaorle.it\/wp-content\/uploads\/2023\/01\/IMG_9706-300x300.jpg 300w, https:\/\/www.hotelcrystalcaorle.it\/wp-content\/uploads\/2023\/01\/IMG_9706-100x100.jpg 100w\" sizes=\"auto, (max-width: 650px) 100vw, 650px\" \/><\/a>\n\t\t\t<\/dt><\/dl><dl class='gallery-item'>\n\t\t\t<dt class='gallery-icon landscape'>\n\t\t\t\t<a data-elementor-open-lightbox=\"yes\" data-elementor-lightbox-slideshow=\"f53f3fe\" data-elementor-lightbox-title=\"IMG_9994\" e-action-hash=\"#elementor-action%3Aaction%3Dlightbox%26settings%3DeyJpZCI6NTg3MiwidXJsIjoiaHR0cHM6XC9cL3d3dy5ob3RlbGNyeXN0YWxjYW9ybGUuaXRcL3dwLWNvbnRlbnRcL3VwbG9hZHNcLzIwMjNcLzAxXC9JTUdfOTk5NC5qcGciLCJzbGlkZXNob3ciOiJmNTNmM2ZlIn0%3D\" href='https:\/\/www.hotelcrystalcaorle.it\/wp-content\/uploads\/2023\/01\/IMG_9994.jpg'><img loading=\"lazy\" decoding=\"async\" width=\"650\" height=\"650\" src=\"https:\/\/www.hotelcrystalcaorle.it\/wp-content\/uploads\/2023\/01\/IMG_9994-650x650.jpg\" class=\"attachment-alloggio_image_size_square size-alloggio_image_size_square\" alt=\"\" srcset=\"https:\/\/www.hotelcrystalcaorle.it\/wp-content\/uploads\/2023\/01\/IMG_9994-650x650.jpg 650w, https:\/\/www.hotelcrystalcaorle.it\/wp-content\/uploads\/2023\/01\/IMG_9994-150x150.jpg 150w, https:\/\/www.hotelcrystalcaorle.it\/wp-content\/uploads\/2023\/01\/IMG_9994-1300x1300.jpg 1300w, https:\/\/www.hotelcrystalcaorle.it\/wp-content\/uploads\/2023\/01\/IMG_9994-300x300.jpg 300w, https:\/\/www.hotelcrystalcaorle.it\/wp-content\/uploads\/2023\/01\/IMG_9994-100x100.jpg 100w\" sizes=\"auto, (max-width: 650px) 100vw, 650px\" \/><\/a>\n\t\t\t<\/dt><\/dl><br style=\"clear: both\" \/>\n\t\t<\/div>\n\t\t<\/div>\n\t\t\t\t<\/div>\n\t\t\t\t<\/div>\n\t\t\t\t\t<\/div>\n\t\t<\/div>\n\t\t\t\t\t\t\t<\/div>\n\t\t<\/section>\n\t\t\t\t\t\t\t<\/div>\n\t\t","protected":false},"excerpt":{"rendered":"<p>Das Beste aus dem Tag machen Der Tag beginnt am besten mit einem guten Fr\u00fchst\u00fcck. Im Hotel Crystal wissen wir, wie Sie Ihren Tag am Strand richtig angehen k\u00f6nnen. Wir haben auch an die Faulen gedacht, Fr\u00fchst\u00fcck gibt es bis 11 Uhr morgens.<\/p>\n","protected":false},"author":1,"featured_media":0,"parent":0,"menu_order":0,"comment_status":"closed","ping_status":"closed","template":"page-full-width.php","meta":{"footnotes":""},"class_list":["post-5807","page","type-page","status-publish","hentry"],"yoast_head":"<!-- This site is optimized with the Yoast SEO plugin v21.4 - https:\/\/yoast.com\/wordpress\/plugins\/seo\/ -->\n<title>Fr\u00fchst\u00fcck - Hotel Crystal<\/title>\n<meta name=\"robots\" content=\"index, follow, max-snippet:-1, max-image-preview:large, max-video-preview:-1\" \/>\n<link rel=\"canonical\" href=\"https:\/\/www.hotelcrystalcaorle.it\/de\/fruehstueck\/\" \/>\n<meta property=\"og:locale\" content=\"de_DE\" \/>\n<meta property=\"og:type\" content=\"article\" \/>\n<meta property=\"og:title\" content=\"Fr\u00fchst\u00fcck - Hotel Crystal\" \/>\n<meta property=\"og:description\" content=\"Das Beste aus dem Tag machen Der Tag beginnt am besten mit einem guten Fr\u00fchst\u00fcck. Im Hotel Crystal wissen wir, wie Sie Ihren Tag am Strand richtig angehen k\u00f6nnen. Wir haben auch an die Faulen gedacht, Fr\u00fchst\u00fcck gibt es bis 11 Uhr morgens.\" \/>\n<meta property=\"og:url\" content=\"https:\/\/www.hotelcrystalcaorle.it\/de\/fruehstueck\/\" \/>\n<meta property=\"og:site_name\" content=\"Hotel Crystal\" \/>\n<meta property=\"article:modified_time\" content=\"2023-01-22T11:28:21+00:00\" \/>\n<meta property=\"og:image\" content=\"http:\/\/www.hotelcrystalcaorle.it\/wp-content\/uploads\/2023\/01\/DSC_8445-650x650.jpg\" \/>\n<meta name=\"twitter:card\" content=\"summary_large_image\" \/>\n<meta name=\"twitter:label1\" content=\"Gesch\u00e4tzte Lesezeit\" \/>\n\t<meta name=\"twitter:data1\" content=\"3\u00a0Minuten\" \/>\n<script type=\"application\/ld+json\" class=\"yoast-schema-graph\">{\"@context\":\"https:\/\/schema.org\",\"@graph\":[{\"@type\":\"WebPage\",\"@id\":\"https:\/\/www.hotelcrystalcaorle.it\/de\/fruehstueck\/\",\"url\":\"https:\/\/www.hotelcrystalcaorle.it\/de\/fruehstueck\/\",\"name\":\"Fr\u00fchst\u00fcck - Hotel Crystal\",\"isPartOf\":{\"@id\":\"https:\/\/www.hotelcrystalcaorle.it\/#website\"},\"datePublished\":\"2023-01-19T16:22:31+00:00\",\"dateModified\":\"2023-01-22T11:28:21+00:00\",\"breadcrumb\":{\"@id\":\"https:\/\/www.hotelcrystalcaorle.it\/de\/fruehstueck\/#breadcrumb\"},\"inLanguage\":\"de\",\"potentialAction\":[{\"@type\":\"ReadAction\",\"target\":[\"https:\/\/www.hotelcrystalcaorle.it\/de\/fruehstueck\/\"]}]},{\"@type\":\"BreadcrumbList\",\"@id\":\"https:\/\/www.hotelcrystalcaorle.it\/de\/fruehstueck\/#breadcrumb\",\"itemListElement\":[{\"@type\":\"ListItem\",\"position\":1,\"name\":\"Home\",\"item\":\"https:\/\/www.hotelcrystalcaorle.it\/de\/\"},{\"@type\":\"ListItem\",\"position\":2,\"name\":\"Fr\u00fchst\u00fcck\"}]},{\"@type\":\"WebSite\",\"@id\":\"https:\/\/www.hotelcrystalcaorle.it\/#website\",\"url\":\"https:\/\/www.hotelcrystalcaorle.it\/\",\"name\":\"Hotel Crystal\",\"description\":\"Hotel 3 stelle a Caorle\",\"potentialAction\":[{\"@type\":\"SearchAction\",\"target\":{\"@type\":\"EntryPoint\",\"urlTemplate\":\"https:\/\/www.hotelcrystalcaorle.it\/?s={search_term_string}\"},\"query-input\":\"required name=search_term_string\"}],\"inLanguage\":\"de\"}]}<\/script>\n<!-- \/ Yoast SEO plugin. -->","yoast_head_json":{"title":"Fr\u00fchst\u00fcck - Hotel Crystal","robots":{"index":"index","follow":"follow","max-snippet":"max-snippet:-1","max-image-preview":"max-image-preview:large","max-video-preview":"max-video-preview:-1"},"canonical":"https:\/\/www.hotelcrystalcaorle.it\/de\/fruehstueck\/","og_locale":"de_DE","og_type":"article","og_title":"Fr\u00fchst\u00fcck - Hotel Crystal","og_description":"Das Beste aus dem Tag machen Der Tag beginnt am besten mit einem guten Fr\u00fchst\u00fcck. Im Hotel Crystal wissen wir, wie Sie Ihren Tag am Strand richtig angehen k\u00f6nnen. Wir haben auch an die Faulen gedacht, Fr\u00fchst\u00fcck gibt es bis 11 Uhr morgens.","og_url":"https:\/\/www.hotelcrystalcaorle.it\/de\/fruehstueck\/","og_site_name":"Hotel Crystal","article_modified_time":"2023-01-22T11:28:21+00:00","og_image":[{"url":"http:\/\/www.hotelcrystalcaorle.it\/wp-content\/uploads\/2023\/01\/DSC_8445-650x650.jpg"}],"twitter_card":"summary_large_image","twitter_misc":{"Gesch\u00e4tzte Lesezeit":"3\u00a0Minuten"},"schema":{"@context":"https:\/\/schema.org","@graph":[{"@type":"WebPage","@id":"https:\/\/www.hotelcrystalcaorle.it\/de\/fruehstueck\/","url":"https:\/\/www.hotelcrystalcaorle.it\/de\/fruehstueck\/","name":"Fr\u00fchst\u00fcck - Hotel Crystal","isPartOf":{"@id":"https:\/\/www.hotelcrystalcaorle.it\/#website"},"datePublished":"2023-01-19T16:22:31+00:00","dateModified":"2023-01-22T11:28:21+00:00","breadcrumb":{"@id":"https:\/\/www.hotelcrystalcaorle.it\/de\/fruehstueck\/#breadcrumb"},"inLanguage":"de","potentialAction":[{"@type":"ReadAction","target":["https:\/\/www.hotelcrystalcaorle.it\/de\/fruehstueck\/"]}]},{"@type":"BreadcrumbList","@id":"https:\/\/www.hotelcrystalcaorle.it\/de\/fruehstueck\/#breadcrumb","itemListElement":[{"@type":"ListItem","position":1,"name":"Home","item":"https:\/\/www.hotelcrystalcaorle.it\/de\/"},{"@type":"ListItem","position":2,"name":"Fr\u00fchst\u00fcck"}]},{"@type":"WebSite","@id":"https:\/\/www.hotelcrystalcaorle.it\/#website","url":"https:\/\/www.hotelcrystalcaorle.it\/","name":"Hotel Crystal","description":"Hotel 3 stelle a Caorle","potentialAction":[{"@type":"SearchAction","target":{"@type":"EntryPoint","urlTemplate":"https:\/\/www.hotelcrystalcaorle.it\/?s={search_term_string}"},"query-input":"required name=search_term_string"}],"inLanguage":"de"}]}},"_links":{"self":[{"href":"https:\/\/www.hotelcrystalcaorle.it\/de\/wp-json\/wp\/v2\/pages\/5807","targetHints":{"allow":["GET"]}}],"collection":[{"href":"https:\/\/www.hotelcrystalcaorle.it\/de\/wp-json\/wp\/v2\/pages"}],"about":[{"href":"https:\/\/www.hotelcrystalcaorle.it\/de\/wp-json\/wp\/v2\/types\/page"}],"author":[{"embeddable":true,"href":"https:\/\/www.hotelcrystalcaorle.it\/de\/wp-json\/wp\/v2\/users\/1"}],"replies":[{"embeddable":true,"href":"https:\/\/www.hotelcrystalcaorle.it\/de\/wp-json\/wp\/v2\/comments?post=5807"}],"version-history":[{"count":6,"href":"https:\/\/www.hotelcrystalcaorle.it\/de\/wp-json\/wp\/v2\/pages\/5807\/revisions"}],"predecessor-version":[{"id":6104,"href":"https:\/\/www.hotelcrystalcaorle.it\/de\/wp-json\/wp\/v2\/pages\/5807\/revisions\/6104"}],"wp:attachment":[{"href":"https:\/\/www.hotelcrystalcaorle.it\/de\/wp-json\/wp\/v2\/media?parent=5807"}],"curies":[{"name":"wp","href":"https:\/\/api.w.org\/{rel}","templated":true}]}}