{"id":5738,"date":"2023-01-19T13:51:28","date_gmt":"2023-01-19T13:51:28","guid":{"rendered":"https:\/\/www.hotelcrystalcaorle.it\/?page_id=5738"},"modified":"2023-03-09T08:58:21","modified_gmt":"2023-03-09T08:58:21","slug":"pet-friendly","status":"publish","type":"page","link":"https:\/\/www.hotelcrystalcaorle.it\/de\/pet-friendly\/","title":{"rendered":"Pet friendly"},"content":{"rendered":"\t\t<div data-elementor-type=\"wp-page\" data-elementor-id=\"5738\" class=\"elementor elementor-5738 elementor-5735\">\n\t\t\t\t\t\t\t\t\t<section class=\"elementor-section elementor-top-section elementor-element elementor-element-55bc024 elementor-section-full_width qodef-elementor-content-grid elementor-section-height-default elementor-section-height-default\" data-id=\"55bc024\" data-element_type=\"section\">\n\t\t\t\t\t\t<div class=\"elementor-container elementor-column-gap-no\">\n\t\t\t\t\t<div class=\"elementor-column elementor-col-100 elementor-top-column elementor-element elementor-element-5abf0b6\" data-id=\"5abf0b6\" data-element_type=\"column\">\n\t\t\t<div class=\"elementor-widget-wrap elementor-element-populated\">\n\t\t\t\t\t\t\t\t<div class=\"elementor-element elementor-element-1522463 elementor-widget elementor-widget-alloggio_core_section_title\" data-id=\"1522463\" data-element_type=\"widget\" data-widget_type=\"alloggio_core_section_title.default\">\n\t\t\t\t<div class=\"elementor-widget-container\">\n\t\t\t<div class=\"qodef-shortcode qodef-m  qodef-section-title qodef-alignment--center\">\n\t\t<h2 class=\"qodef-m-title\" >\n\t\t\t\t\tIm Hotel Crystal sind wir Tierfreunde\t\t\t<\/h2>\n\t\t<span class=\"qodef-m-text\" style=\"margin-top: 25px\">Wir lieben Tiere und finden, dass auch sie einen sch\u00f6nen Urlaub verdient haben. Deshalb akzeptieren wir im Hotel Crystal alle Hunde und Katzen, unabh\u00e4ngig von Gr\u00f6\u00dfe und Rasse, alle sind willkommen, keiner ist ausgeschlossen!\n\nUn vero hotel pet friendly come il nostro ti permette di stare sempre in compagnia del tuo cane, dai noi puoi portare il cane sempre con te, anche negli spazi comuni della nostra struttura.<\/span>\n<\/div>\t\t<\/div>\n\t\t\t\t<\/div>\n\t\t\t\t\t<\/div>\n\t\t<\/div>\n\t\t\t\t\t\t\t<\/div>\n\t\t<\/section>\n\t\t\t\t<section class=\"elementor-section elementor-top-section elementor-element elementor-element-ec2ba33 elementor-section-full_width qodef-elementor-content-grid elementor-section-height-default elementor-section-height-default\" data-id=\"ec2ba33\" data-element_type=\"section\">\n\t\t\t\t\t\t<div class=\"elementor-container elementor-column-gap-no\">\n\t\t\t\t\t<div class=\"elementor-column elementor-col-100 elementor-top-column elementor-element elementor-element-d525d41\" data-id=\"d525d41\" data-element_type=\"column\">\n\t\t\t<div class=\"elementor-widget-wrap elementor-element-populated\">\n\t\t\t\t\t\t\t\t<div class=\"elementor-element elementor-element-4741753 elementor-widget elementor-widget-image\" data-id=\"4741753\" data-element_type=\"widget\" data-widget_type=\"image.default\">\n\t\t\t\t<div class=\"elementor-widget-container\">\n\t\t\t\t\t\t\t\t\t\t\t\t\t\t\t<img loading=\"lazy\" decoding=\"async\" width=\"1024\" height=\"768\" src=\"https:\/\/www.hotelcrystalcaorle.it\/wp-content\/uploads\/2023\/01\/gatti-1024x768.jpg\" class=\"attachment-large size-large wp-image-6208\" alt=\"\" srcset=\"https:\/\/www.hotelcrystalcaorle.it\/wp-content\/uploads\/2023\/01\/gatti-1024x768.jpg 1024w, https:\/\/www.hotelcrystalcaorle.it\/wp-content\/uploads\/2023\/01\/gatti-300x225.jpg 300w, https:\/\/www.hotelcrystalcaorle.it\/wp-content\/uploads\/2023\/01\/gatti-768x576.jpg 768w, https:\/\/www.hotelcrystalcaorle.it\/wp-content\/uploads\/2023\/01\/gatti-1536x1152.jpg 1536w, https:\/\/www.hotelcrystalcaorle.it\/wp-content\/uploads\/2023\/01\/gatti-600x450.jpg 600w, https:\/\/www.hotelcrystalcaorle.it\/wp-content\/uploads\/2023\/01\/gatti.jpg 2000w\" sizes=\"auto, (max-width: 1024px) 100vw, 1024px\" \/>\t\t\t\t\t\t\t\t\t\t\t\t\t\t\t<\/div>\n\t\t\t\t<\/div>\n\t\t\t\t\t<\/div>\n\t\t<\/div>\n\t\t\t\t\t\t\t<\/div>\n\t\t<\/section>\n\t\t\t\t<section class=\"elementor-section elementor-top-section elementor-element elementor-element-ccf1882 elementor-section-full_width qodef-elementor-content-grid elementor-section-height-default elementor-section-height-default\" data-id=\"ccf1882\" data-element_type=\"section\">\n\t\t\t\t\t\t<div class=\"elementor-container elementor-column-gap-no\">\n\t\t\t\t\t<div class=\"elementor-column elementor-col-100 elementor-top-column elementor-element elementor-element-96ef65b\" data-id=\"96ef65b\" data-element_type=\"column\">\n\t\t\t<div class=\"elementor-widget-wrap elementor-element-populated\">\n\t\t\t\t\t\t\t\t<div class=\"elementor-element elementor-element-bf87dd6 elementor-widget elementor-widget-alloggio_core_section_title\" data-id=\"bf87dd6\" data-element_type=\"widget\" data-widget_type=\"alloggio_core_section_title.default\">\n\t\t\t\t<div class=\"elementor-widget-container\">\n\t\t\t<div class=\"qodef-shortcode qodef-m  qodef-section-title qodef-alignment--center\">\n\t\t<h2 class=\"qodef-m-title\" >\n\t\t\t\t\tZu Ihrer Verf\u00fcgung...\t\t\t<\/h2>\n\t<\/div>\t\t<\/div>\n\t\t\t\t<\/div>\n\t\t\t\t<div class=\"elementor-element elementor-element-fed215b elementor-widget elementor-widget-text-editor\" data-id=\"fed215b\" data-element_type=\"widget\" data-widget_type=\"text-editor.default\">\n\t\t\t\t<div class=\"elementor-widget-container\">\n\t\t\t\t\t\t\t<p>Es stehen Ihnen zur Verf\u00fcgung<br>&#8211; eine <b>Schale<\/b> f\u00fcr Wasser und eine f\u00fcr Futter<br>&#8211; ein <b>Kinderbett<\/b><br>&#8211; eine Katzentoilette f\u00fcr Ihr K\u00e4tzchen<br>&#8211; ein lokaler Ansprechpartner f\u00fcr Tier\u00e4rzte, der 24 Stunden am Tag erreichbar ist<\/p>\n<p>Vergessen Sie nicht, das <b>PET FRIENDLY PACKAGE<\/b> anzufordern, indem Sie sich direkt an das Hotel wenden oder nach der Buchung Ihres Zimmers online.<\/p>\t\t\t\t\t\t<\/div>\n\t\t\t\t<\/div>\n\t\t\t\t\t<\/div>\n\t\t<\/div>\n\t\t\t\t\t\t\t<\/div>\n\t\t<\/section>\n\t\t\t\t\t\t\t<\/div>\n\t\t","protected":false},"excerpt":{"rendered":"<p>Im Hotel Crystal sind wir Tierfreunde Wir lieben Tiere und finden, dass auch sie einen sch\u00f6nen Urlaub verdient haben. Deshalb akzeptieren wir im Hotel Crystal alle Hunde und Katzen, unabh\u00e4ngig von Gr\u00f6\u00dfe und Rasse, alle sind willkommen, keiner ist ausgeschlossen! Un vero hotel pet friendly come il nostro ti permette di stare sempre in compagnia [&hellip;]<\/p>\n","protected":false},"author":1,"featured_media":0,"parent":0,"menu_order":0,"comment_status":"closed","ping_status":"closed","template":"page-full-width.php","meta":{"footnotes":""},"class_list":["post-5738","page","type-page","status-publish","hentry"],"yoast_head":"<!-- This site is optimized with the Yoast SEO plugin v21.4 - https:\/\/yoast.com\/wordpress\/plugins\/seo\/ -->\n<title>Pet friendly - Hotel Crystal<\/title>\n<meta name=\"robots\" content=\"index, follow, max-snippet:-1, max-image-preview:large, max-video-preview:-1\" \/>\n<link rel=\"canonical\" href=\"https:\/\/www.hotelcrystalcaorle.it\/de\/pet-friendly\/\" \/>\n<meta property=\"og:locale\" content=\"de_DE\" \/>\n<meta property=\"og:type\" content=\"article\" \/>\n<meta property=\"og:title\" content=\"Pet friendly - Hotel Crystal\" \/>\n<meta property=\"og:description\" content=\"Im Hotel Crystal sind wir Tierfreunde Wir lieben Tiere und finden, dass auch sie einen sch\u00f6nen Urlaub verdient haben. Deshalb akzeptieren wir im Hotel Crystal alle Hunde und Katzen, unabh\u00e4ngig von Gr\u00f6\u00dfe und Rasse, alle sind willkommen, keiner ist ausgeschlossen! Un vero hotel pet friendly come il nostro ti permette di stare sempre in compagnia [&hellip;]\" \/>\n<meta property=\"og:url\" content=\"https:\/\/www.hotelcrystalcaorle.it\/de\/pet-friendly\/\" \/>\n<meta property=\"og:site_name\" content=\"Hotel Crystal\" \/>\n<meta property=\"article:modified_time\" content=\"2023-03-09T08:58:21+00:00\" \/>\n<meta property=\"og:image\" content=\"http:\/\/www.hotelcrystalcaorle.it\/wp-content\/uploads\/2023\/01\/gatti-1024x768.jpg\" \/>\n<meta name=\"twitter:card\" content=\"summary_large_image\" \/>\n<meta name=\"twitter:label1\" content=\"Gesch\u00e4tzte Lesezeit\" \/>\n\t<meta name=\"twitter:data1\" content=\"1\u00a0Minute\" \/>\n<script type=\"application\/ld+json\" class=\"yoast-schema-graph\">{\"@context\":\"https:\/\/schema.org\",\"@graph\":[{\"@type\":\"WebPage\",\"@id\":\"https:\/\/www.hotelcrystalcaorle.it\/de\/pet-friendly\/\",\"url\":\"https:\/\/www.hotelcrystalcaorle.it\/de\/pet-friendly\/\",\"name\":\"Pet friendly - Hotel Crystal\",\"isPartOf\":{\"@id\":\"https:\/\/www.hotelcrystalcaorle.it\/#website\"},\"datePublished\":\"2023-01-19T13:51:28+00:00\",\"dateModified\":\"2023-03-09T08:58:21+00:00\",\"breadcrumb\":{\"@id\":\"https:\/\/www.hotelcrystalcaorle.it\/de\/pet-friendly\/#breadcrumb\"},\"inLanguage\":\"de\",\"potentialAction\":[{\"@type\":\"ReadAction\",\"target\":[\"https:\/\/www.hotelcrystalcaorle.it\/de\/pet-friendly\/\"]}]},{\"@type\":\"BreadcrumbList\",\"@id\":\"https:\/\/www.hotelcrystalcaorle.it\/de\/pet-friendly\/#breadcrumb\",\"itemListElement\":[{\"@type\":\"ListItem\",\"position\":1,\"name\":\"Home\",\"item\":\"https:\/\/www.hotelcrystalcaorle.it\/de\/\"},{\"@type\":\"ListItem\",\"position\":2,\"name\":\"Pet friendly\"}]},{\"@type\":\"WebSite\",\"@id\":\"https:\/\/www.hotelcrystalcaorle.it\/#website\",\"url\":\"https:\/\/www.hotelcrystalcaorle.it\/\",\"name\":\"Hotel Crystal\",\"description\":\"Hotel 3 stelle a Caorle\",\"potentialAction\":[{\"@type\":\"SearchAction\",\"target\":{\"@type\":\"EntryPoint\",\"urlTemplate\":\"https:\/\/www.hotelcrystalcaorle.it\/?s={search_term_string}\"},\"query-input\":\"required name=search_term_string\"}],\"inLanguage\":\"de\"}]}<\/script>\n<!-- \/ Yoast SEO plugin. -->","yoast_head_json":{"title":"Pet friendly - Hotel Crystal","robots":{"index":"index","follow":"follow","max-snippet":"max-snippet:-1","max-image-preview":"max-image-preview:large","max-video-preview":"max-video-preview:-1"},"canonical":"https:\/\/www.hotelcrystalcaorle.it\/de\/pet-friendly\/","og_locale":"de_DE","og_type":"article","og_title":"Pet friendly - Hotel Crystal","og_description":"Im Hotel Crystal sind wir Tierfreunde Wir lieben Tiere und finden, dass auch sie einen sch\u00f6nen Urlaub verdient haben. Deshalb akzeptieren wir im Hotel Crystal alle Hunde und Katzen, unabh\u00e4ngig von Gr\u00f6\u00dfe und Rasse, alle sind willkommen, keiner ist ausgeschlossen! Un vero hotel pet friendly come il nostro ti permette di stare sempre in compagnia [&hellip;]","og_url":"https:\/\/www.hotelcrystalcaorle.it\/de\/pet-friendly\/","og_site_name":"Hotel Crystal","article_modified_time":"2023-03-09T08:58:21+00:00","og_image":[{"url":"http:\/\/www.hotelcrystalcaorle.it\/wp-content\/uploads\/2023\/01\/gatti-1024x768.jpg"}],"twitter_card":"summary_large_image","twitter_misc":{"Gesch\u00e4tzte Lesezeit":"1\u00a0Minute"},"schema":{"@context":"https:\/\/schema.org","@graph":[{"@type":"WebPage","@id":"https:\/\/www.hotelcrystalcaorle.it\/de\/pet-friendly\/","url":"https:\/\/www.hotelcrystalcaorle.it\/de\/pet-friendly\/","name":"Pet friendly - Hotel Crystal","isPartOf":{"@id":"https:\/\/www.hotelcrystalcaorle.it\/#website"},"datePublished":"2023-01-19T13:51:28+00:00","dateModified":"2023-03-09T08:58:21+00:00","breadcrumb":{"@id":"https:\/\/www.hotelcrystalcaorle.it\/de\/pet-friendly\/#breadcrumb"},"inLanguage":"de","potentialAction":[{"@type":"ReadAction","target":["https:\/\/www.hotelcrystalcaorle.it\/de\/pet-friendly\/"]}]},{"@type":"BreadcrumbList","@id":"https:\/\/www.hotelcrystalcaorle.it\/de\/pet-friendly\/#breadcrumb","itemListElement":[{"@type":"ListItem","position":1,"name":"Home","item":"https:\/\/www.hotelcrystalcaorle.it\/de\/"},{"@type":"ListItem","position":2,"name":"Pet friendly"}]},{"@type":"WebSite","@id":"https:\/\/www.hotelcrystalcaorle.it\/#website","url":"https:\/\/www.hotelcrystalcaorle.it\/","name":"Hotel Crystal","description":"Hotel 3 stelle a Caorle","potentialAction":[{"@type":"SearchAction","target":{"@type":"EntryPoint","urlTemplate":"https:\/\/www.hotelcrystalcaorle.it\/?s={search_term_string}"},"query-input":"required name=search_term_string"}],"inLanguage":"de"}]}},"_links":{"self":[{"href":"https:\/\/www.hotelcrystalcaorle.it\/de\/wp-json\/wp\/v2\/pages\/5738","targetHints":{"allow":["GET"]}}],"collection":[{"href":"https:\/\/www.hotelcrystalcaorle.it\/de\/wp-json\/wp\/v2\/pages"}],"about":[{"href":"https:\/\/www.hotelcrystalcaorle.it\/de\/wp-json\/wp\/v2\/types\/page"}],"author":[{"embeddable":true,"href":"https:\/\/www.hotelcrystalcaorle.it\/de\/wp-json\/wp\/v2\/users\/1"}],"replies":[{"embeddable":true,"href":"https:\/\/www.hotelcrystalcaorle.it\/de\/wp-json\/wp\/v2\/comments?post=5738"}],"version-history":[{"count":10,"href":"https:\/\/www.hotelcrystalcaorle.it\/de\/wp-json\/wp\/v2\/pages\/5738\/revisions"}],"predecessor-version":[{"id":6372,"href":"https:\/\/www.hotelcrystalcaorle.it\/de\/wp-json\/wp\/v2\/pages\/5738\/revisions\/6372"}],"wp:attachment":[{"href":"https:\/\/www.hotelcrystalcaorle.it\/de\/wp-json\/wp\/v2\/media?parent=5738"}],"curies":[{"name":"wp","href":"https:\/\/api.w.org\/{rel}","templated":true}]}}